{"id":741,"date":"2014-05-23T14:15:42","date_gmt":"2014-05-23T13:15:42","guid":{"rendered":"http:\/\/www.jeunesse.romorantin.net\/?page_id=741"},"modified":"2023-04-27T16:42:32","modified_gmt":"2023-04-27T14:42:32","slug":"annuaire","status":"publish","type":"page","link":"https:\/\/www.jeunesse.romorantin.net\/?page_id=741","title":{"rendered":"Annuaire"},"content":{"rendered":"<hr \/>\n<h2>Elue en charge du service :<\/h2>\n<p>Anne Degrais (Adjointe au Maire charg\u00e9e de la Jeunesse)<\/p>\n<h2>Directrice\u00a0:<\/h2>\n<p>Christelle Saboureau<\/p>\n<h2>Secr\u00e9tariat<\/h2>\n<table style=\"width: 777px; height: 44px;\">\n<tbody>\n<tr style=\"height: 24px;\">\n<td style=\"width: 41.9375px; height: 24px;\"><img loading=\"lazy\" decoding=\"async\" class=\"aligncenter wp-image-765\" src=\"http:\/\/www.jeunesse.romorantin.net\/wp-content\/uploads\/2014\/05\/responsable1.png\" alt=\"responsable\" width=\"25\" height=\"25\" \/><\/td>\n<td style=\"width: 715.062px; height: 24px;\">Nassira Deradji<\/td>\n<\/tr>\n<tr style=\"height: 24px;\">\n<td style=\"width: 41.9375px; height: 24px;\"><img loading=\"lazy\" decoding=\"async\" class=\"alignnone wp-image-761 aligncenter\" src=\"http:\/\/www.jeunesse.romorantin.net\/wp-content\/uploads\/2014\/05\/adresse1.png\" alt=\"adresse\" width=\"25\" height=\"25\" \/><\/td>\n<td style=\"width: 715.062px; height: 24px;\">\u00ab\u00a0L&rsquo;Atelier\u00a0\u00bb &#8211; 3 rue Jean Monnet (\u00e0 c\u00f4t\u00e9 d&rsquo;Ethic Etapes) 41200 Romorantin-Lanthenay<\/td>\n<\/tr>\n<tr style=\"height: 24px;\">\n<td style=\"width: 41.9375px; height: 24px;\"><img loading=\"lazy\" decoding=\"async\" class=\"alignnone wp-image-766 size-full aligncenter\" src=\"http:\/\/www.jeunesse.romorantin.net\/wp-content\/uploads\/2014\/05\/tel1.png\" alt=\"tel\" width=\"25\" height=\"25\" \/><\/td>\n<td style=\"width: 715.062px; height: 24px;\">02 54 98 50 34<\/td>\n<\/tr>\n<tr style=\"height: 24px;\">\n<td style=\"width: 2px; height: 24px;\"><img loading=\"lazy\" decoding=\"async\" class=\"aligncenter wp-image-764\" src=\"http:\/\/www.jeunesse.romorantin.net\/wp-content\/uploads\/2014\/05\/mail1.png\" alt=\"mail\" width=\"25\" height=\"25\" \/><\/td>\n<td style=\"width: 715.062px; height: 24px;\"><a href=\"mailto%20: jeunesse@romorantin.fr\">jeunesse@romorantin.fr<\/a><\/td>\n<\/tr>\n<\/tbody>\n<\/table>\n<h2>\u00ab\u00a0P.I.J.\u00a0\u00bb<\/h2>\n<table style=\"width: 778px;\">\n<tbody>\n<tr style=\"height: 25px;\">\n<td style=\"width: 39px; height: 25px;\"><img loading=\"lazy\" decoding=\"async\" class=\"alignnone wp-image-765 size-full aligncenter\" src=\"http:\/\/www.jeunesse.romorantin.net\/wp-content\/uploads\/2014\/05\/responsable1.png\" alt=\"responsable\" width=\"25\" height=\"25\" \/><\/td>\n<td style=\"width: 723px; height: 25px;\">Johannie Robert et Julien Hermant<\/td>\n<\/tr>\n<tr style=\"height: 25px;\">\n<td style=\"width: 39px; height: 25px;\"><img loading=\"lazy\" decoding=\"async\" class=\"alignnone wp-image-761 size-full aligncenter\" src=\"http:\/\/www.jeunesse.romorantin.net\/wp-content\/uploads\/2014\/05\/adresse1.png\" alt=\"adresse\" width=\"25\" height=\"25\" \/><\/td>\n<td style=\"width: 723px; height: 25px;\">\u00ab\u00a0L&rsquo;Atelier\u00a0\u00bb &#8211; 3 rue Jean Monnet (\u00e0 c\u00f4t\u00e9 d&rsquo;Ethic Etapes) 41200 Romorantin-Lanthenay<\/td>\n<\/tr>\n<tr style=\"height: 25px;\">\n<td style=\"width: 39px; height: 25px;\"><img loading=\"lazy\" decoding=\"async\" class=\"alignnone wp-image-766 aligncenter\" src=\"http:\/\/www.jeunesse.romorantin.net\/wp-content\/uploads\/2014\/05\/tel1.png\" alt=\"tel\" width=\"25\" height=\"25\" \/><\/td>\n<td style=\"width: 723px; height: 25px;\">02 54 98 50 30<\/td>\n<\/tr>\n<tr style=\"height: 25px;\">\n<td style=\"width: 39px; height: 25px;\"><img loading=\"lazy\" decoding=\"async\" class=\"alignnone wp-image-764 size-full aligncenter\" src=\"http:\/\/www.jeunesse.romorantin.net\/wp-content\/uploads\/2014\/05\/mail1.png\" alt=\"mail\" width=\"25\" height=\"25\" \/><\/td>\n<td style=\"width: 723px; height: 25px;\"><a href=\"mailto%20: pij@romorantin.fr\">pij@romorantin.fr<\/a><\/td>\n<\/tr>\n<tr style=\"height: 13.8125px;\">\n<td style=\"width: 39px; height: 13.8125px;\"><img loading=\"lazy\" decoding=\"async\" class=\"wp-image-763 size-full aligncenter\" src=\"http:\/\/www.jeunesse.romorantin.net\/wp-content\/uploads\/2014\/05\/horaires1.png\" alt=\"horaires\" width=\"25\" height=\"25\" \/><\/td>\n<td style=\"width: 723px; height: 13.8125px;\">Lundi, mardi, jeudi et vendredi : de 13h30 \u00e0 17h30<\/td>\n<\/tr>\n<tr style=\"height: 13.8125px;\">\n<td style=\"width: 39px; height: 13.8125px;\"><\/td>\n<td style=\"width: 723px; height: 13.8125px;\">Mercredi : de 10h00 \u00e0 12h00 et de 13h30 \u00e0 17h30<\/td>\n<\/tr>\n<\/tbody>\n<\/table>\n<h2>\u00a0\u00a0\u00ab\u00a0Point Cyb\u00a0\u00bb<\/h2>\n<table style=\"height: 102px; width: 780px;\">\n<tbody>\n<tr>\n<td style=\"width: 38.1562px;\"><img loading=\"lazy\" decoding=\"async\" class=\"alignnone wp-image-765 size-full aligncenter\" src=\"http:\/\/www.jeunesse.romorantin.net\/wp-content\/uploads\/2014\/05\/responsable1.png\" alt=\"responsable\" width=\"25\" height=\"25\" \/><\/td>\n<td style=\"width: 722.844px;\">Johannie Robert et Julien Hermant<\/td>\n<\/tr>\n<tr>\n<td style=\"width: 38.1562px;\"><img loading=\"lazy\" decoding=\"async\" class=\"wp-image-761 size-full aligncenter\" src=\"http:\/\/www.jeunesse.romorantin.net\/wp-content\/uploads\/2014\/05\/adresse1.png\" alt=\"adresse\" width=\"25\" height=\"25\" \/><\/td>\n<td style=\"width: 722.844px;\">\u00ab\u00a0L&rsquo;Atelier\u00a0\u00bb &#8211; 3 rue Jean Monnet (\u00e0 c\u00f4t\u00e9 d&rsquo;Ethic Etapes) 41200 Romorantin-Lanthenay<\/td>\n<\/tr>\n<tr>\n<td style=\"width: 38.1562px;\"><img loading=\"lazy\" decoding=\"async\" class=\"wp-image-766 aligncenter\" src=\"http:\/\/www.jeunesse.romorantin.net\/wp-content\/uploads\/2014\/05\/tel1.png\" alt=\"tel\" width=\"25\" height=\"25\" \/><\/td>\n<td style=\"width: 722.844px;\">02 54 98 50 33<\/td>\n<\/tr>\n<tr>\n<td style=\"width: 38.1562px;\"><img loading=\"lazy\" decoding=\"async\" class=\"wp-image-764 size-full aligncenter\" src=\"http:\/\/www.jeunesse.romorantin.net\/wp-content\/uploads\/2014\/05\/mail1.png\" alt=\"mail\" width=\"25\" height=\"25\" \/><\/td>\n<td style=\"width: 722.844px;\"><a href=\"mailto%20: pointcyb@romorantin.fr\">pointcyb@romorantin.fr<\/a><\/td>\n<\/tr>\n<tr>\n<td style=\"vertical-align: top; width: 38.1562px;\"><img loading=\"lazy\" decoding=\"async\" class=\"wp-image-763 size-full aligncenter\" src=\"http:\/\/www.jeunesse.romorantin.net\/wp-content\/uploads\/2014\/05\/horaires1.png\" alt=\"horaires\" width=\"25\" height=\"25\" \/><\/td>\n<td style=\"width: 722.844px;\">Lundi, mardi, jeudi et vendredi : de 13h30 \u00e0 17h30<\/td>\n<\/tr>\n<tr>\n<td style=\"vertical-align: top; width: 38.1562px;\"><\/td>\n<td style=\"width: 722.844px;\">Mercredi : de 10h \u00e0 12h et de 13h30 \u00e0 17h30<\/td>\n<\/tr>\n<\/tbody>\n<\/table>\n<h2>\u00a0\u00ab\u00a0Maison de quartier des Favignolles\u00a0\u00bb<\/h2>\n<table style=\"height: 102px; width: 780px;\">\n<tbody>\n<tr>\n<td style=\"width: 38.1562px;\"><img loading=\"lazy\" decoding=\"async\" class=\"alignnone wp-image-765 size-full aligncenter\" src=\"http:\/\/www.jeunesse.romorantin.net\/wp-content\/uploads\/2014\/05\/responsable1.png\" alt=\"responsable\" width=\"25\" height=\"25\" \/><\/td>\n<td style=\"width: 722.844px;\">Sylvie Briez, Aziz Eddari<\/td>\n<\/tr>\n<tr>\n<td style=\"width: 38.1562px;\"><img loading=\"lazy\" decoding=\"async\" class=\"wp-image-761 size-full aligncenter\" src=\"http:\/\/www.jeunesse.romorantin.net\/wp-content\/uploads\/2014\/05\/adresse1.png\" alt=\"adresse\" width=\"25\" height=\"25\" \/><\/td>\n<td style=\"width: 722.844px;\">2A rue L\u00e9onard de Vinci &#8211; 41200 Romorantin-Lanthenay<\/td>\n<\/tr>\n<tr>\n<td style=\"width: 38.1562px;\"><img loading=\"lazy\" decoding=\"async\" class=\"wp-image-766 aligncenter\" src=\"http:\/\/www.jeunesse.romorantin.net\/wp-content\/uploads\/2014\/05\/tel1.png\" alt=\"tel\" width=\"25\" height=\"25\" \/><\/td>\n<td style=\"width: 722.844px;\">02 54 88 30 15<\/td>\n<\/tr>\n<tr>\n<td style=\"width: 38.1562px;\"><img loading=\"lazy\" decoding=\"async\" class=\"wp-image-764 size-full aligncenter\" src=\"http:\/\/www.jeunesse.romorantin.net\/wp-content\/uploads\/2014\/05\/mail1.png\" alt=\"mail\" width=\"25\" height=\"25\" \/><\/td>\n<td style=\"width: 722.844px;\"><a href=\"mailto%20: espacejeunes@romorantin.fr\">espacejeunes@romorantin.fr<\/a><\/td>\n<\/tr>\n<tr>\n<td style=\"vertical-align: top; width: 38.1562px;\"><\/td>\n<td style=\"width: 722.844px;\">Lundi, jeudi et vendredi : de 16h30 \u00e0 18h00<\/td>\n<\/tr>\n<tr>\n<td style=\"vertical-align: top; width: 38.1562px;\"><img loading=\"lazy\" decoding=\"async\" class=\"wp-image-763 size-full aligncenter\" src=\"http:\/\/www.jeunesse.romorantin.net\/wp-content\/uploads\/2014\/05\/horaires1.png\" alt=\"horaires\" width=\"25\" height=\"25\" \/><\/td>\n<td style=\"width: 722.844px;\">Mardi : de 16h30 \u00e0 20h00<\/td>\n<\/tr>\n<tr>\n<td style=\"vertical-align: top; width: 38.1562px;\"><\/td>\n<td style=\"width: 722.844px;\">Mercredi : de 10h00 \u00e0 12h00 et de 13h30 \u00e0 18h00<\/td>\n<\/tr>\n<\/tbody>\n<\/table>\n<h2>\u00a0\u00a0\u00ab\u00a0Agora\u00a0\u00bb<\/h2>\n<table style=\"height: 102px; width: 780px;\">\n<tbody>\n<tr style=\"height: 19.6875px;\">\n<td style=\"width: 38.1562px; height: 19.6875px;\"><img loading=\"lazy\" decoding=\"async\" class=\"alignnone wp-image-765 size-full aligncenter\" src=\"http:\/\/www.jeunesse.romorantin.net\/wp-content\/uploads\/2014\/05\/responsable1.png\" alt=\"responsable\" width=\"25\" height=\"25\" \/><\/td>\n<td style=\"width: 722.844px; height: 19.6875px;\">Pauline et Anthony Boulongue-Herant, Olivier Toi<\/td>\n<\/tr>\n<tr style=\"height: 25px;\">\n<td style=\"width: 38.1562px; height: 25px;\"><img loading=\"lazy\" decoding=\"async\" class=\"wp-image-761 size-full aligncenter\" src=\"http:\/\/www.jeunesse.romorantin.net\/wp-content\/uploads\/2014\/05\/adresse1.png\" alt=\"adresse\" width=\"25\" height=\"25\" \/><\/td>\n<td style=\"width: 722.844px; height: 25px;\">rue Hubert Fillay &#8211; 41200 Romorantin-Lanthenay<\/td>\n<\/tr>\n<tr style=\"height: 25px;\">\n<td style=\"width: 38.1562px; height: 25px;\"><img loading=\"lazy\" decoding=\"async\" class=\"wp-image-766 aligncenter\" src=\"http:\/\/www.jeunesse.romorantin.net\/wp-content\/uploads\/2014\/05\/tel1.png\" alt=\"tel\" width=\"25\" height=\"25\" \/><\/td>\n<td style=\"width: 722.844px; height: 25px;\">02 54 83 03 36<\/td>\n<\/tr>\n<tr style=\"height: 25px;\">\n<td style=\"width: 38.1562px; height: 25px;\"><img loading=\"lazy\" decoding=\"async\" class=\"wp-image-764 size-full aligncenter\" src=\"http:\/\/www.jeunesse.romorantin.net\/wp-content\/uploads\/2014\/05\/mail1.png\" alt=\"mail\" width=\"25\" height=\"25\" \/><\/td>\n<td style=\"width: 722.844px; height: 25px;\"><a href=\"mailto:agora@romorantin.fr\">agora@romorantin.fr<\/a><\/td>\n<\/tr>\n<tr style=\"height: 24px;\">\n<td style=\"vertical-align: top; width: 38.1562px; height: 24px;\"><\/td>\n<td style=\"width: 722.844px; height: 24px;\">Lundi, jeudi et vendredi : de 16h30 \u00e0 18h00<\/td>\n<\/tr>\n<tr style=\"height: 25px;\">\n<td style=\"vertical-align: top; width: 38.1562px; height: 25px;\"><img loading=\"lazy\" decoding=\"async\" class=\"wp-image-763 size-full aligncenter\" src=\"http:\/\/www.jeunesse.romorantin.net\/wp-content\/uploads\/2014\/05\/horaires1.png\" alt=\"horaires\" width=\"25\" height=\"25\" \/><\/td>\n<td style=\"width: 722.844px; height: 25px;\">Mardi : de 18h00 \u00e0 20h00<\/td>\n<\/tr>\n<tr style=\"height: 24px;\">\n<td style=\"vertical-align: top; width: 38.1562px; height: 24px;\"><\/td>\n<td style=\"width: 722.844px; height: 24px;\">Mercredi : de 10h00 \u00e0 12h00 et de 13h30 \u00e0 18h00<\/td>\n<\/tr>\n<\/tbody>\n<\/table>\n<h2>\u00a0\u00ab\u00a0Accueil des Adultes Relais\u00a0\u00bb<\/h2>\n<table style=\"height: 102px; width: 780px;\">\n<tbody>\n<tr style=\"height: 19.6875px;\">\n<td style=\"width: 38px; height: 19.6875px;\"><img loading=\"lazy\" decoding=\"async\" class=\"alignnone wp-image-765 size-full aligncenter\" src=\"http:\/\/www.jeunesse.romorantin.net\/wp-content\/uploads\/2014\/05\/responsable1.png\" alt=\"responsable\" width=\"25\" height=\"25\" \/><\/td>\n<td style=\"width: 737.016px; height: 19.6875px;\">Julien Gautrat, Laurent Jouin, Haava Kaya, Nezha Rouane<\/td>\n<\/tr>\n<tr style=\"height: 25px;\">\n<td style=\"width: 38px; height: 25px;\"><img loading=\"lazy\" decoding=\"async\" class=\"wp-image-761 size-full aligncenter\" src=\"http:\/\/www.jeunesse.romorantin.net\/wp-content\/uploads\/2014\/05\/adresse1.png\" alt=\"adresse\" width=\"25\" height=\"25\" \/><\/td>\n<td style=\"width: 737.016px; height: 25px;\">1 rue Fran\u00e7ois Rabelais\u00a0&#8211; 41200 Romorantin-Lanthenay<\/td>\n<\/tr>\n<tr style=\"height: 25px;\">\n<td style=\"width: 38px; height: 25px;\"><img loading=\"lazy\" decoding=\"async\" class=\"wp-image-766 aligncenter\" src=\"http:\/\/www.jeunesse.romorantin.net\/wp-content\/uploads\/2014\/05\/tel1.png\" alt=\"tel\" width=\"25\" height=\"25\" \/><\/td>\n<td style=\"width: 737.016px; height: 25px;\">Julien Gautrat : 06 31 37 79 11\u00a0 \u00a0 \u00a0 \u00a0 Havva Kaya : 06 31 37 75 26<\/td>\n<\/tr>\n<tr style=\"height: 25px;\">\n<td style=\"width: 38px; height: 25px;\"><\/td>\n<td style=\"width: 737.016px; height: 25px;\">Laurent Jouin : 06 31 37 80 41\u00a0 \u00a0 \u00a0 \u00a0 Nezha Rouane : 06 31 37 79 12<\/td>\n<\/tr>\n<tr style=\"height: 25px;\">\n<td style=\"width: 38px; height: 25px;\"><img loading=\"lazy\" decoding=\"async\" class=\"wp-image-764 size-full aligncenter\" src=\"http:\/\/www.jeunesse.romorantin.net\/wp-content\/uploads\/2014\/05\/mail1.png\" alt=\"mail\" width=\"25\" height=\"25\" \/><\/td>\n<td style=\"width: 737.016px; height: 25px;\"><a href=\"mailto:agora@romorantin.fr\">adulterelais@romorantin.fr<\/a><\/td>\n<\/tr>\n<tr style=\"height: 25px;\">\n<td style=\"vertical-align: top; width: 38px; height: 25px;\"><img loading=\"lazy\" decoding=\"async\" class=\"wp-image-763 size-full aligncenter\" src=\"http:\/\/www.jeunesse.romorantin.net\/wp-content\/uploads\/2014\/05\/horaires1.png\" alt=\"horaires\" width=\"25\" height=\"25\" \/><\/td>\n<td style=\"width: 737.016px; height: 25px;\">Voir sur place<\/td>\n<\/tr>\n<\/tbody>\n<\/table>\n<h2>\u00ab\u00a0Espace Saint Exup\u00e9ry, Centre social\u00a0\u00bb<\/h2>\n<table style=\"height: 102px; width: 822.516px;\">\n<tbody>\n<tr style=\"height: 25px;\">\n<td style=\"width: 38px; height: 25px;\"><img loading=\"lazy\" decoding=\"async\" class=\"wp-image-761 size-full aligncenter\" src=\"http:\/\/www.jeunesse.romorantin.net\/wp-content\/uploads\/2014\/05\/adresse1.png\" alt=\"adresse\" width=\"25\" height=\"25\" \/><\/td>\n<td style=\"width: 763.516px; height: 25px;\">rue de l&rsquo;Abb\u00e9 Maurice Leroux &#8211; 41200 Romorantin-Lanthenay<\/td>\n<\/tr>\n<tr style=\"height: 25px;\">\n<td style=\"width: 38px; height: 25px;\"><img loading=\"lazy\" decoding=\"async\" class=\"wp-image-766 aligncenter\" src=\"http:\/\/www.jeunesse.romorantin.net\/wp-content\/uploads\/2014\/05\/tel1.png\" alt=\"tel\" width=\"25\" height=\"25\" \/><\/td>\n<td style=\"width: 763.516px; height: 25px;\">02 54 76 16 05<\/td>\n<\/tr>\n<tr style=\"height: 25px;\">\n<td style=\"width: 38px; height: 25px;\"><img loading=\"lazy\" decoding=\"async\" class=\"wp-image-764 size-full aligncenter\" src=\"http:\/\/www.jeunesse.romorantin.net\/wp-content\/uploads\/2014\/05\/mail1.png\" alt=\"mail\" width=\"25\" height=\"25\" \/><\/td>\n<td style=\"width: 763.516px; height: 25px;\"><a href=\"mailto:agora@romorantin.fr\">saintexupery@romorantin.fr<\/a><\/td>\n<\/tr>\n<tr style=\"height: 25px;\">\n<td style=\"vertical-align: top; width: 38px; height: 25px;\"><img loading=\"lazy\" decoding=\"async\" class=\"wp-image-763 size-full aligncenter\" src=\"http:\/\/www.jeunesse.romorantin.net\/wp-content\/uploads\/2014\/05\/horaires1.png\" alt=\"horaires\" width=\"25\" height=\"25\" \/><\/td>\n<td style=\"width: 763.516px; height: 25px;\">Du lundi au jeudi : de 8h45 \u00e0 12h30 et de 13h45 \u00e0 18h15<\/td>\n<\/tr>\n<tr style=\"height: 25px;\">\n<td style=\"vertical-align: top; width: 38px; height: 25px;\"><\/td>\n<td style=\"width: 763.516px; height: 25px;\">Vendredi :\u00a0de 8h45 \u00e0 12h30 et de 13h45 \u00e0 17h30<\/td>\n<\/tr>\n<tr style=\"height: 25px;\">\n<td style=\"vertical-align: top; width: 38px; height: 25px;\"><\/td>\n<td style=\"width: 763.516px; height: 25px;\">Infos compl\u00e9mentaires sur\u00a0<a href=\"http:\/\/www.romorantin.com\/au-quotidien-aides-sociales\" target=\"_blank\" rel=\"noopener noreferrer\">http:\/\/www.romorantin.com\/au-quotidien-aides-sociales<\/a><\/td>\n<\/tr>\n<\/tbody>\n<\/table>\n<p>&nbsp;<\/p>\n","protected":false},"excerpt":{"rendered":"<p>Elue en charge du service : Anne Degrais (Adjointe au Maire charg\u00e9e de la Jeunesse) Directrice\u00a0: Christelle Saboureau Secr\u00e9tariat Nassira Deradji \u00ab\u00a0L&rsquo;Atelier\u00a0\u00bb &#8211; 3 rue &hellip;<\/p>\n","protected":false},"author":2,"featured_media":0,"parent":0,"menu_order":0,"comment_status":"closed","ping_status":"open","template":"","meta":{"footnotes":"","_links_to":"","_links_to_target":""},"class_list":["post-741","page","type-page","status-publish","hentry"],"_links":{"self":[{"href":"https:\/\/www.jeunesse.romorantin.net\/index.php?rest_route=\/wp\/v2\/pages\/741","targetHints":{"allow":["GET"]}}],"collection":[{"href":"https:\/\/www.jeunesse.romorantin.net\/index.php?rest_route=\/wp\/v2\/pages"}],"about":[{"href":"https:\/\/www.jeunesse.romorantin.net\/index.php?rest_route=\/wp\/v2\/types\/page"}],"author":[{"embeddable":true,"href":"https:\/\/www.jeunesse.romorantin.net\/index.php?rest_route=\/wp\/v2\/users\/2"}],"replies":[{"embeddable":true,"href":"https:\/\/www.jeunesse.romorantin.net\/index.php?rest_route=%2Fwp%2Fv2%2Fcomments&post=741"}],"version-history":[{"count":104,"href":"https:\/\/www.jeunesse.romorantin.net\/index.php?rest_route=\/wp\/v2\/pages\/741\/revisions"}],"predecessor-version":[{"id":4675,"href":"https:\/\/www.jeunesse.romorantin.net\/index.php?rest_route=\/wp\/v2\/pages\/741\/revisions\/4675"}],"wp:attachment":[{"href":"https:\/\/www.jeunesse.romorantin.net\/index.php?rest_route=%2Fwp%2Fv2%2Fmedia&parent=741"}],"curies":[{"name":"wp","href":"https:\/\/api.w.org\/{rel}","templated":true}]}}