{"id":4328,"date":"2023-04-17T15:07:22","date_gmt":"2023-04-17T13:07:22","guid":{"rendered":"http:\/\/www.jeunesse.romorantin.net\/?page_id=4328"},"modified":"2023-08-10T10:55:58","modified_gmt":"2023-08-10T08:55:58","slug":"le-blog-des-animations-vacances","status":"publish","type":"page","link":"https:\/\/www.jeunesse.romorantin.net\/?page_id=4328","title":{"rendered":"Le blog des animations vacances"},"content":{"rendered":"<h2 style=\"text-align: center;\"><img loading=\"lazy\" decoding=\"async\" class=\"aligncenter size-full wp-image-4337\" src=\"http:\/\/www.jeunesse.romorantin.net\/wp-content\/uploads\/2023\/04\/AV-le-blog.png\" alt=\"\" width=\"960\" height=\"250\" srcset=\"https:\/\/www.jeunesse.romorantin.net\/wp-content\/uploads\/2023\/04\/AV-le-blog.png 960w, https:\/\/www.jeunesse.romorantin.net\/wp-content\/uploads\/2023\/04\/AV-le-blog-300x78.png 300w, https:\/\/www.jeunesse.romorantin.net\/wp-content\/uploads\/2023\/04\/AV-le-blog-768x200.png 768w, https:\/\/www.jeunesse.romorantin.net\/wp-content\/uploads\/2023\/04\/AV-le-blog-496x129.png 496w\" sizes=\"auto, (max-width: 960px) 100vw, 960px\" \/><\/h2>\n<h2 style=\"text-align: center;\">NOUVEAU !<\/h2>\n<h2 style=\"text-align: center;\">Retrouvez ici l&rsquo;ensemble des articles quotidiens sur les animations vacances !<\/h2>\n<p style=\"text-align: center;\">Cliquez sur la date de votre choix, et l&rsquo;article s&rsquo;ouvrira<\/p>\n<h1 style=\"text-align: center;\"><span style=\"text-decoration: underline;\">ETE 2023<\/span><\/h1>\n<p>&nbsp;<\/p>\n<p>&nbsp;<\/p>\n<p><a href=\"http:\/\/www.jeunesse.romorantin.net\/?p=5085\" target=\"_blank\" rel=\"noopener noreferrer\"><img loading=\"lazy\" decoding=\"async\" class=\"alignnone wp-image-5099 aligncenter\" src=\"http:\/\/www.jeunesse.romorantin.net\/wp-content\/uploads\/2023\/04\/Dashanpu.png\" alt=\"\" width=\"549\" height=\"235\" srcset=\"https:\/\/www.jeunesse.romorantin.net\/wp-content\/uploads\/2023\/04\/Dashanpu.png 827w, https:\/\/www.jeunesse.romorantin.net\/wp-content\/uploads\/2023\/04\/Dashanpu-300x128.png 300w, https:\/\/www.jeunesse.romorantin.net\/wp-content\/uploads\/2023\/04\/Dashanpu-768x329.png 768w, https:\/\/www.jeunesse.romorantin.net\/wp-content\/uploads\/2023\/04\/Dashanpu-496x212.png 496w\" sizes=\"auto, (max-width: 549px) 100vw, 549px\" \/><\/a><a href=\"http:\/\/www.jeunesse.romorantin.net\/?p=5021\" target=\"_blank\" rel=\"noopener noreferrer\"><img loading=\"lazy\" decoding=\"async\" class=\" wp-image-5019 aligncenter\" src=\"http:\/\/www.jeunesse.romorantin.net\/wp-content\/uploads\/2023\/04\/Les-Pirates-Solognots-2.png\" alt=\"\" width=\"549\" height=\"235\" srcset=\"https:\/\/www.jeunesse.romorantin.net\/wp-content\/uploads\/2023\/04\/Les-Pirates-Solognots-2.png 827w, https:\/\/www.jeunesse.romorantin.net\/wp-content\/uploads\/2023\/04\/Les-Pirates-Solognots-2-300x128.png 300w, https:\/\/www.jeunesse.romorantin.net\/wp-content\/uploads\/2023\/04\/Les-Pirates-Solognots-2-768x329.png 768w, https:\/\/www.jeunesse.romorantin.net\/wp-content\/uploads\/2023\/04\/Les-Pirates-Solognots-2-496x212.png 496w\" sizes=\"auto, (max-width: 549px) 100vw, 549px\" \/><\/a><a href=\"http:\/\/www.jeunesse.romorantin.net\/?p=5102\" target=\"_blank\" rel=\"noopener noreferrer\"><img loading=\"lazy\" decoding=\"async\" class=\"wp-image-5103 aligncenter\" src=\"http:\/\/www.jeunesse.romorantin.net\/wp-content\/uploads\/2023\/08\/Les-Pirates-Solognots.png\" alt=\"\" width=\"551\" height=\"236\" srcset=\"https:\/\/www.jeunesse.romorantin.net\/wp-content\/uploads\/2023\/08\/Les-Pirates-Solognots.png 827w, https:\/\/www.jeunesse.romorantin.net\/wp-content\/uploads\/2023\/08\/Les-Pirates-Solognots-300x128.png 300w, https:\/\/www.jeunesse.romorantin.net\/wp-content\/uploads\/2023\/08\/Les-Pirates-Solognots-768x329.png 768w, https:\/\/www.jeunesse.romorantin.net\/wp-content\/uploads\/2023\/08\/Les-Pirates-Solognots-496x212.png 496w\" sizes=\"auto, (max-width: 551px) 100vw, 551px\" \/><\/a><a href=\"http:\/\/www.jeunesse.romorantin.net\/?p=5125\" target=\"_blank\" rel=\"noopener noreferrer\"><img loading=\"lazy\" decoding=\"async\" class=\" wp-image-5126 aligncenter\" src=\"http:\/\/www.jeunesse.romorantin.net\/wp-content\/uploads\/2023\/08\/Les-Pirates-Solognots-2.png\" alt=\"\" width=\"551\" height=\"236\" srcset=\"https:\/\/www.jeunesse.romorantin.net\/wp-content\/uploads\/2023\/08\/Les-Pirates-Solognots-2.png 827w, https:\/\/www.jeunesse.romorantin.net\/wp-content\/uploads\/2023\/08\/Les-Pirates-Solognots-2-300x128.png 300w, https:\/\/www.jeunesse.romorantin.net\/wp-content\/uploads\/2023\/08\/Les-Pirates-Solognots-2-768x329.png 768w, https:\/\/www.jeunesse.romorantin.net\/wp-content\/uploads\/2023\/08\/Les-Pirates-Solognots-2-496x212.png 496w\" sizes=\"auto, (max-width: 551px) 100vw, 551px\" \/><\/a><\/p>\n<p style=\"text-align: center;\"><a href=\"http:\/\/www.jeunesse.romorantin.net\/?p=5143\" target=\"_blank\" rel=\"noopener noreferrer\"><img loading=\"lazy\" decoding=\"async\" class=\"alignnone wp-image-5144\" src=\"http:\/\/www.jeunesse.romorantin.net\/wp-content\/uploads\/2023\/08\/Les-Pirates-Solognots-3.png\" alt=\"\" width=\"551\" height=\"236\" srcset=\"https:\/\/www.jeunesse.romorantin.net\/wp-content\/uploads\/2023\/08\/Les-Pirates-Solognots-3.png 827w, https:\/\/www.jeunesse.romorantin.net\/wp-content\/uploads\/2023\/08\/Les-Pirates-Solognots-3-300x128.png 300w, https:\/\/www.jeunesse.romorantin.net\/wp-content\/uploads\/2023\/08\/Les-Pirates-Solognots-3-768x329.png 768w, https:\/\/www.jeunesse.romorantin.net\/wp-content\/uploads\/2023\/08\/Les-Pirates-Solognots-3-496x212.png 496w\" sizes=\"auto, (max-width: 551px) 100vw, 551px\" \/><\/a><\/p>\n<p style=\"text-align: center;\"><a href=\"http:\/\/www.jeunesse.romorantin.net\/?p=5183\" target=\"_blank\" rel=\"noopener noreferrer\"><img loading=\"lazy\" decoding=\"async\" class=\"alignnone  wp-image-5185\" src=\"http:\/\/www.jeunesse.romorantin.net\/wp-content\/uploads\/2023\/08\/Les-Pirates-Solognots-6.png\" alt=\"\" width=\"551\" height=\"236\" srcset=\"https:\/\/www.jeunesse.romorantin.net\/wp-content\/uploads\/2023\/08\/Les-Pirates-Solognots-6.png 827w, https:\/\/www.jeunesse.romorantin.net\/wp-content\/uploads\/2023\/08\/Les-Pirates-Solognots-6-300x128.png 300w, https:\/\/www.jeunesse.romorantin.net\/wp-content\/uploads\/2023\/08\/Les-Pirates-Solognots-6-768x329.png 768w, https:\/\/www.jeunesse.romorantin.net\/wp-content\/uploads\/2023\/08\/Les-Pirates-Solognots-6-496x212.png 496w\" sizes=\"auto, (max-width: 551px) 100vw, 551px\" \/><\/a><\/p>\n<p style=\"text-align: center;\"><a href=\"http:\/\/www.jeunesse.romorantin.net\/?p=5164\" target=\"_blank\" rel=\"noopener noreferrer\"><img loading=\"lazy\" decoding=\"async\" class=\"alignnone wp-image-5165\" src=\"http:\/\/www.jeunesse.romorantin.net\/wp-content\/uploads\/2023\/08\/Les-Pirates-Solognots-4.png\" alt=\"\" width=\"551\" height=\"236\" srcset=\"https:\/\/www.jeunesse.romorantin.net\/wp-content\/uploads\/2023\/08\/Les-Pirates-Solognots-4.png 827w, https:\/\/www.jeunesse.romorantin.net\/wp-content\/uploads\/2023\/08\/Les-Pirates-Solognots-4-300x128.png 300w, https:\/\/www.jeunesse.romorantin.net\/wp-content\/uploads\/2023\/08\/Les-Pirates-Solognots-4-768x329.png 768w, https:\/\/www.jeunesse.romorantin.net\/wp-content\/uploads\/2023\/08\/Les-Pirates-Solognots-4-496x212.png 496w\" sizes=\"auto, (max-width: 551px) 100vw, 551px\" \/><\/a><\/p>\n<p>&nbsp;<\/p>\n<h1 style=\"text-align: center;\"><span style=\"text-decoration: underline;\">PRINTEMPS 2023<\/span><\/h1>\n<p><a href=\"http:\/\/www.jeunesse.romorantin.net\/?p=4678\" target=\"_blank\" rel=\"noopener noreferrer\"><img loading=\"lazy\" decoding=\"async\" class=\"alignnone size-full wp-image-4571\" src=\"http:\/\/www.jeunesse.romorantin.net\/wp-content\/uploads\/2023\/04\/28.jpg\" alt=\"\" width=\"242\" height=\"90\" \/><\/a> <a href=\"http:\/\/www.jeunesse.romorantin.net\/?p=4638\" target=\"_blank\" rel=\"noopener noreferrer\"><img loading=\"lazy\" decoding=\"async\" class=\"alignnone size-full wp-image-4572\" src=\"http:\/\/www.jeunesse.romorantin.net\/wp-content\/uploads\/2023\/04\/27.jpg\" alt=\"\" width=\"242\" height=\"90\" \/><\/a> <a href=\"http:\/\/www.jeunesse.romorantin.net\/?p=4614\" target=\"_blank\" rel=\"noopener noreferrer\"><img loading=\"lazy\" decoding=\"async\" class=\"alignnone size-full wp-image-4573\" src=\"http:\/\/www.jeunesse.romorantin.net\/wp-content\/uploads\/2023\/04\/26.jpg\" alt=\"\" width=\"242\" height=\"90\" \/><\/a> <a href=\"http:\/\/www.jeunesse.romorantin.net\/?p=4602\" target=\"_blank\" rel=\"noopener noreferrer\"><img loading=\"lazy\" decoding=\"async\" class=\"alignnone size-full wp-image-4574\" src=\"http:\/\/www.jeunesse.romorantin.net\/wp-content\/uploads\/2023\/04\/25.jpg\" alt=\"\" width=\"242\" height=\"90\" \/><\/a> <a href=\"http:\/\/www.jeunesse.romorantin.net\/?p=4557\" target=\"_blank\" rel=\"noopener noreferrer\"><img loading=\"lazy\" decoding=\"async\" class=\"alignnone size-full wp-image-4575\" src=\"http:\/\/www.jeunesse.romorantin.net\/wp-content\/uploads\/2023\/04\/24.jpg\" alt=\"\" width=\"242\" height=\"90\" \/><\/a><\/p>\n<p><a href=\"http:\/\/www.jeunesse.romorantin.net\/?p=4527\" target=\"_blank\" rel=\"noopener noreferrer\"><img loading=\"lazy\" decoding=\"async\" class=\"size-full wp-image-4355 alignnone\" src=\"http:\/\/www.jeunesse.romorantin.net\/wp-content\/uploads\/2023\/04\/21.jpg\" alt=\"\" width=\"242\" height=\"90\" \/><\/a><a href=\"http:\/\/www.jeunesse.romorantin.net\/?p=4454\" target=\"_blank\" rel=\"noopener noreferrer\"><img loading=\"lazy\" decoding=\"async\" class=\"size-full wp-image-4356 alignnone\" src=\"http:\/\/www.jeunesse.romorantin.net\/wp-content\/uploads\/2023\/04\/20.jpg\" alt=\"\" width=\"242\" height=\"90\" \/><\/a><a href=\"http:\/\/www.jeunesse.romorantin.net\/?p=4403\" target=\"_blank\" rel=\"noopener noreferrer\"><img loading=\"lazy\" decoding=\"async\" class=\"size-full wp-image-4357 alignnone\" src=\"http:\/\/www.jeunesse.romorantin.net\/wp-content\/uploads\/2023\/04\/19.jpg\" alt=\"\" width=\"242\" height=\"90\" \/><\/a><a href=\"http:\/\/www.jeunesse.romorantin.net\/?p=4359\" target=\"_blank\" rel=\"noopener noreferrer\"><img loading=\"lazy\" decoding=\"async\" class=\"size-full wp-image-4354 alignnone\" src=\"http:\/\/www.jeunesse.romorantin.net\/wp-content\/uploads\/2023\/04\/18.jpg\" alt=\"\" width=\"242\" height=\"90\" \/><\/a><a href=\"http:\/\/www.jeunesse.romorantin.net\/?p=4295\" target=\"_blank\" rel=\"noopener noreferrer\"><img loading=\"lazy\" decoding=\"async\" class=\"size-full wp-image-4333 alignnone\" src=\"http:\/\/www.jeunesse.romorantin.net\/wp-content\/uploads\/2023\/04\/17.jpg\" alt=\"\" width=\"242\" height=\"90\" \/><\/a><\/p>\n<h1 style=\"text-align: center;\"><\/h1>\n<p style=\"text-align: center;\">La prise de photographies pendant les activit\u00e9s ainsi que leur utilisation a \u00e9t\u00e9 soumise \u00e0 autorisation.<\/p>\n<p style=\"text-align: center;\">En cas d&rsquo;erreur, merci de contacter le Service Jeunesse.<\/p>\n","protected":false},"excerpt":{"rendered":"<p>NOUVEAU ! Retrouvez ici l&rsquo;ensemble des articles quotidiens sur les animations vacances ! Cliquez sur la date de votre choix, et l&rsquo;article s&rsquo;ouvrira ETE 2023 &hellip;<\/p>\n","protected":false},"author":2,"featured_media":0,"parent":168,"menu_order":0,"comment_status":"closed","ping_status":"closed","template":"","meta":{"footnotes":"","_links_to":"","_links_to_target":""},"class_list":["post-4328","page","type-page","status-publish","hentry"],"_links":{"self":[{"href":"https:\/\/www.jeunesse.romorantin.net\/index.php?rest_route=\/wp\/v2\/pages\/4328","targetHints":{"allow":["GET"]}}],"collection":[{"href":"https:\/\/www.jeunesse.romorantin.net\/index.php?rest_route=\/wp\/v2\/pages"}],"about":[{"href":"https:\/\/www.jeunesse.romorantin.net\/index.php?rest_route=\/wp\/v2\/types\/page"}],"author":[{"embeddable":true,"href":"https:\/\/www.jeunesse.romorantin.net\/index.php?rest_route=\/wp\/v2\/users\/2"}],"replies":[{"embeddable":true,"href":"https:\/\/www.jeunesse.romorantin.net\/index.php?rest_route=%2Fwp%2Fv2%2Fcomments&post=4328"}],"version-history":[{"count":32,"href":"https:\/\/www.jeunesse.romorantin.net\/index.php?rest_route=\/wp\/v2\/pages\/4328\/revisions"}],"predecessor-version":[{"id":5211,"href":"https:\/\/www.jeunesse.romorantin.net\/index.php?rest_route=\/wp\/v2\/pages\/4328\/revisions\/5211"}],"up":[{"embeddable":true,"href":"https:\/\/www.jeunesse.romorantin.net\/index.php?rest_route=\/wp\/v2\/pages\/168"}],"wp:attachment":[{"href":"https:\/\/www.jeunesse.romorantin.net\/index.php?rest_route=%2Fwp%2Fv2%2Fmedia&parent=4328"}],"curies":[{"name":"wp","href":"https:\/\/api.w.org\/{rel}","templated":true}]}}