{"id":38,"date":"2014-04-03T13:44:22","date_gmt":"2014-04-03T12:44:22","guid":{"rendered":"http:\/\/www.jeunesse.romorantin.net\/?page_id=38"},"modified":"2023-06-23T15:47:27","modified_gmt":"2023-06-23T13:47:27","slug":"manifestations","status":"publish","type":"page","link":"https:\/\/www.jeunesse.romorantin.net\/?page_id=38","title":{"rendered":"Manifestations"},"content":{"rendered":"<hr \/>\n<h3><span style=\"color: #000000;\"><span style=\"text-decoration: underline;\"><strong>Anim\u2019\u00e0 l\u2019\u00eele<\/strong><\/span><em> &#8211; 8\u00a0<\/em><em>Juillet\u00a02023<\/em><\/span><\/h3>\n<p style=\"text-align: justify;\">A l\u2019occasion de la 12\u00e8me\u00a0\u00e9dition d&rsquo;Anim&rsquo;\u00e0 l&rsquo;Ile, de nombreuses activit\u00e9s gratuites seront propos\u00e9es de\u00a0<strong>14h \u00e0 18h<\/strong>\u00a0: atelier de percussions africaine, p\u00e9tanque, palets, m\u00f6lkky, jeux de soci\u00e9t\u00e9, henn\u00e9 et maquillage, \u00ab\u00a0\u00e7a plane pour toi\u00a0!\u00a0\u00bb, \u00ab\u00a0dessine tes vacances de r\u00eaves\u00a0\u00bb, stand d\u2019information, cano\u00eb, mini-golf et structures gonflables.<\/p>\n<p style=\"text-align: justify;\">Des \u00e9v\u00e8nements ponctueront l&rsquo;apr\u00e8s-midi :<\/p>\n<p><strong>15h00<\/strong>\u00a0:\u00a0 lectures cont\u00e9es par l\u2019UDAF<\/p>\n<p style=\"text-align: justify;\"><strong>18h00<\/strong>\u00a0:\u00a0 les enfants des maisons de quartier de l\u2019Agora St Marc et des Favignolles se mettront en sc\u00e8ne pour le spectacle pr\u00e9par\u00e9 durant l\u2019ann\u00e9e avec le service jeunesse, le Conservatoire de musique, la M\u00e9diath\u00e8que, l\u2019Entracte<\/p>\n<p><strong>19h00<\/strong>\u00a0:\u00a0 Tam Tam Sacr\u00e9s, groupe de percussions africaines en concert<\/p>\n<p><span style=\"color: #0000ff;\">Pour lancer les animations de l\u2019\u00e9t\u00e9, c\u2019est par excellence le rendez-vous incontournable \u00e0 ne pas manquer ! A\u00a0vivre seul ou en famille, il n\u2019y a pas d\u2019\u00e2ge pour se divertir\u00a0!!!\u2026.<\/span><\/p>\n<p style=\"text-align: justify;\"><a style=\"text-indent: 0em;\" href=\"http:\/\/www.jeunesse.romorantin.net\/wp-content\/uploads\/2014\/04\/Animalile.jpg\"><img loading=\"lazy\" decoding=\"async\" class=\"alignnone wp-image-4777 \" src=\"http:\/\/www.jeunesse.romorantin.net\/wp-content\/uploads\/2014\/04\/Animalile.jpg\" alt=\"\" width=\"347\" height=\"509\" srcset=\"https:\/\/www.jeunesse.romorantin.net\/wp-content\/uploads\/2014\/04\/Animalile.jpg 3618w, https:\/\/www.jeunesse.romorantin.net\/wp-content\/uploads\/2014\/04\/Animalile-204x300.jpg 204w, https:\/\/www.jeunesse.romorantin.net\/wp-content\/uploads\/2014\/04\/Animalile-768x1128.jpg 768w, https:\/\/www.jeunesse.romorantin.net\/wp-content\/uploads\/2014\/04\/Animalile-697x1024.jpg 697w, https:\/\/www.jeunesse.romorantin.net\/wp-content\/uploads\/2014\/04\/Animalile-177x260.jpg 177w\" sizes=\"auto, (max-width: 347px) 100vw, 347px\" \/><\/a><\/p>\n<p><strong>\u00ab\u00a0Anim&rsquo;\u00e0 l&rsquo;Ile\u00a0\u00bb gratuit<\/strong><br \/>\n<strong>Samedi 8\u00a0juillet 2023<\/strong><br \/>\n<strong>De 14h \u00e0 20h &#8211;\u00a0Ile de la Motte (Square Ferdinand Buisson)<\/strong><br \/>\n<strong>\u00e0 Romorantin-Lanthenay<\/strong><\/p>\n<p><em>Pour se renseigner :<\/em><br \/>\nService jeunesse &#8211; \u00ab L\u2019Atelier \u00bb \u2013 3, rue Jean Monnet (\u00e0 c\u00f4t\u00e9 d\u2019Ethic Etapes Jean Monnet) \u2013 41200 Romorantin-Lanthenay<br \/>\nT\u00e9l. : 02 54 98 50 34 \u2013 jeunesse@romorantin.fr<\/p>\n<p style=\"text-align: justify;\">\n<p>&nbsp;<\/p>\n<hr \/>\n<h3><\/h3>\n<h3><span style=\"color: #000000;\"><span style=\"text-decoration: underline;\"><strong>Hondicap\u2019foot<\/strong><\/span><strong> &#8211;\u00a0<\/strong>A<em>vril<img loading=\"lazy\" decoding=\"async\" class=\"wp-image-114 alignright\" src=\"http:\/\/www.jeunesse.romorantin.net\/wp-content\/uploads\/2014\/04\/hondicap-150x150.png\" alt=\"hondicap\" width=\"138\" height=\"138\" srcset=\"https:\/\/www.jeunesse.romorantin.net\/wp-content\/uploads\/2014\/04\/hondicap-150x150.png 150w, https:\/\/www.jeunesse.romorantin.net\/wp-content\/uploads\/2014\/04\/hondicap-37x37.png 37w, https:\/\/www.jeunesse.romorantin.net\/wp-content\/uploads\/2014\/04\/hondicap-128x128.png 128w, https:\/\/www.jeunesse.romorantin.net\/wp-content\/uploads\/2014\/04\/hondicap-184x184.png 184w\" sizes=\"auto, (max-width: 138px) 100vw, 138px\" \/><\/em><\/span><\/h3>\n<p style=\"text-align: justify;\"><span style=\"color: #000000;\">Une journ\u00e9e riche en rencontres, port\u00e9e par le Stade Olympique Romorantinais, entre des personnes en situation de handicap mental et\/ou physique et les joueurs du SOR. C\u2019est aussi en dehors des temps de jeux, des ateliers \u00e9ducatifs accessibles \u00e0 tous mis en place par la Ville et les partenaires priv\u00e9s, sur le th\u00e8me Solidarit\u00e9 et Environnement.<\/span><\/p>\n<p style=\"text-align: justify;\"><img loading=\"lazy\" decoding=\"async\" class=\"wp-image-4233 alignleft\" src=\"http:\/\/www.jeunesse.romorantin.net\/wp-content\/uploads\/2014\/04\/Hondicap-Foot-2023.jpg\" alt=\"\" width=\"347\" height=\"491\" srcset=\"https:\/\/www.jeunesse.romorantin.net\/wp-content\/uploads\/2014\/04\/Hondicap-Foot-2023.jpg 842w, https:\/\/www.jeunesse.romorantin.net\/wp-content\/uploads\/2014\/04\/Hondicap-Foot-2023-212x300.jpg 212w, https:\/\/www.jeunesse.romorantin.net\/wp-content\/uploads\/2014\/04\/Hondicap-Foot-2023-768x1086.jpg 768w, https:\/\/www.jeunesse.romorantin.net\/wp-content\/uploads\/2014\/04\/Hondicap-Foot-2023-724x1024.jpg 724w, https:\/\/www.jeunesse.romorantin.net\/wp-content\/uploads\/2014\/04\/Hondicap-Foot-2023-184x260.jpg 184w\" sizes=\"auto, (max-width: 347px) 100vw, 347px\" \/><\/p>\n<p>&nbsp;<\/p>\n<hr \/>\n<h3><span style=\"color: #000000;\"><span style=\"text-decoration: underline;\"><strong>F\u00eate du jeu<\/strong><\/span><strong> &#8211;\u00a0<em>Juin<\/em><\/strong><\/span><\/h3>\n<p style=\"text-align: justify;\"><span style=\"color: #000000;\">A l\u2019initiative du Centre de Loisirs et du Centre St Exup\u00e9ry, le <em>Service Jeunesse<\/em> a \u00e9t\u00e9 associ\u00e9 pour animer autour du \u00ab\u00a0jeu\u00a0\u00bb le quartier des Favignolles.<\/span><\/p>\n<p><span style=\"color: #000000;\">Le jeu rassemble et facilite les liens entre les jeunes et\/ou avec les adultes et les professionnels.<\/span><\/p>\n<p><span style=\"color: #000000;\">C\u2019est un moment ludique et rempli de partage.<\/span><\/p>\n<p><a href=\"http:\/\/www.jeunesse.romorantin.net\/wp-content\/uploads\/2014\/04\/F\u00eate-du-jeu-2023.jpg\"><img loading=\"lazy\" decoding=\"async\" class=\"alignnone wp-image-4780 \" src=\"http:\/\/www.jeunesse.romorantin.net\/wp-content\/uploads\/2014\/04\/F\u00eate-du-jeu-2023.jpg\" alt=\"\" width=\"347\" height=\"486\" srcset=\"https:\/\/www.jeunesse.romorantin.net\/wp-content\/uploads\/2014\/04\/F\u00eate-du-jeu-2023.jpg 3626w, https:\/\/www.jeunesse.romorantin.net\/wp-content\/uploads\/2014\/04\/F\u00eate-du-jeu-2023-214x300.jpg 214w, https:\/\/www.jeunesse.romorantin.net\/wp-content\/uploads\/2014\/04\/F\u00eate-du-jeu-2023-768x1076.jpg 768w, https:\/\/www.jeunesse.romorantin.net\/wp-content\/uploads\/2014\/04\/F\u00eate-du-jeu-2023-731x1024.jpg 731w, https:\/\/www.jeunesse.romorantin.net\/wp-content\/uploads\/2014\/04\/F\u00eate-du-jeu-2023-186x260.jpg 186w\" sizes=\"auto, (max-width: 347px) 100vw, 347px\" \/><\/a><\/p>\n<p>&nbsp;<\/p>\n<hr \/>\n<h3><span style=\"color: #000000;\"><span style=\"text-decoration: underline;\"><strong>Faites du sport<\/strong><\/span><\/span><\/h3>\n<p style=\"text-align: justify;\"><span style=\"color: #000000;\">Le\u00a0<em>Service Jeunesse<\/em>\u00a0associe les clubs de sports romorantinais pour animer une journ\u00e9e autour du\u00a0sport, dans les quartiers des Favignolles ou St Marc.<\/span><\/p>\n<p><img loading=\"lazy\" decoding=\"async\" class=\"wp-image-4235 alignleft\" src=\"http:\/\/www.jeunesse.romorantin.net\/wp-content\/uploads\/2014\/04\/Faites-du-sport-2023.jpg\" alt=\"\" width=\"347\" height=\"491\" srcset=\"https:\/\/www.jeunesse.romorantin.net\/wp-content\/uploads\/2014\/04\/Faites-du-sport-2023.jpg 1587w, https:\/\/www.jeunesse.romorantin.net\/wp-content\/uploads\/2014\/04\/Faites-du-sport-2023-212x300.jpg 212w, https:\/\/www.jeunesse.romorantin.net\/wp-content\/uploads\/2014\/04\/Faites-du-sport-2023-768x1086.jpg 768w, https:\/\/www.jeunesse.romorantin.net\/wp-content\/uploads\/2014\/04\/Faites-du-sport-2023-724x1024.jpg 724w, https:\/\/www.jeunesse.romorantin.net\/wp-content\/uploads\/2014\/04\/Faites-du-sport-2023-184x260.jpg 184w\" sizes=\"auto, (max-width: 347px) 100vw, 347px\" \/><\/p>\n","protected":false},"excerpt":{"rendered":"<p>Anim\u2019\u00e0 l\u2019\u00eele &#8211; 8\u00a0Juillet\u00a02023 A l\u2019occasion de la 12\u00e8me\u00a0\u00e9dition d&rsquo;Anim&rsquo;\u00e0 l&rsquo;Ile, de nombreuses activit\u00e9s gratuites seront propos\u00e9es de\u00a014h \u00e0 18h\u00a0: atelier de percussions africaine, p\u00e9tanque, &hellip;<\/p>\n","protected":false},"author":2,"featured_media":0,"parent":0,"menu_order":0,"comment_status":"closed","ping_status":"open","template":"","meta":{"footnotes":"","_links_to":"","_links_to_target":""},"class_list":["post-38","page","type-page","status-publish","hentry"],"_links":{"self":[{"href":"https:\/\/www.jeunesse.romorantin.net\/index.php?rest_route=\/wp\/v2\/pages\/38","targetHints":{"allow":["GET"]}}],"collection":[{"href":"https:\/\/www.jeunesse.romorantin.net\/index.php?rest_route=\/wp\/v2\/pages"}],"about":[{"href":"https:\/\/www.jeunesse.romorantin.net\/index.php?rest_route=\/wp\/v2\/types\/page"}],"author":[{"embeddable":true,"href":"https:\/\/www.jeunesse.romorantin.net\/index.php?rest_route=\/wp\/v2\/users\/2"}],"replies":[{"embeddable":true,"href":"https:\/\/www.jeunesse.romorantin.net\/index.php?rest_route=%2Fwp%2Fv2%2Fcomments&post=38"}],"version-history":[{"count":78,"href":"https:\/\/www.jeunesse.romorantin.net\/index.php?rest_route=\/wp\/v2\/pages\/38\/revisions"}],"predecessor-version":[{"id":4986,"href":"https:\/\/www.jeunesse.romorantin.net\/index.php?rest_route=\/wp\/v2\/pages\/38\/revisions\/4986"}],"wp:attachment":[{"href":"https:\/\/www.jeunesse.romorantin.net\/index.php?rest_route=%2Fwp%2Fv2%2Fmedia&parent=38"}],"curies":[{"name":"wp","href":"https:\/\/api.w.org\/{rel}","templated":true}]}}