{"id":174,"date":"2014-04-14T09:11:55","date_gmt":"2014-04-14T08:11:55","guid":{"rendered":"http:\/\/www.jeunesse.romorantin.net\/?page_id=174"},"modified":"2023-04-11T16:58:58","modified_gmt":"2023-04-11T14:58:58","slug":"interventions-du-service-jeunesse","status":"publish","type":"page","link":"https:\/\/www.jeunesse.romorantin.net\/?page_id=174","title":{"rendered":"Interventions du Service Jeunesse"},"content":{"rendered":"<hr \/>\n<h2><\/h2>\n<h2><\/h2>\n<h3><strong>Projet pr\u00e9vention routi\u00e8re<\/strong>\u00a0:<\/h3>\n<p><a href=\"http:\/\/www.jeunesse.romorantin.net\/wp-content\/uploads\/2014\/04\/sam2-cle5399a9.jpg\"><img loading=\"lazy\" decoding=\"async\" class=\"size-medium wp-image-538 aligncenter\" src=\"http:\/\/www.jeunesse.romorantin.net\/wp-content\/uploads\/2014\/04\/sam2-cle5399a9-300x108.jpg\" alt=\"sam2-cle5399a9\" width=\"300\" height=\"108\" srcset=\"https:\/\/www.jeunesse.romorantin.net\/wp-content\/uploads\/2014\/04\/sam2-cle5399a9-300x108.jpg 300w, https:\/\/www.jeunesse.romorantin.net\/wp-content\/uploads\/2014\/04\/sam2-cle5399a9.jpg 560w\" sizes=\"auto, (max-width: 300px) 100vw, 300px\" \/><\/a><\/p>\n<p style=\"text-align: center;\"><span style=\"color: #33cccc;\"><strong>\u00a0\u00ab\u00a0Devenir des citoyens de la route\u00a0\u00bb<\/strong><\/span><\/p>\n<p style=\"text-align: justify;\">Les animateurs, form\u00e9s IDSR (Intervenants d\u00e9partemental de la S\u00e9curit\u00e9 Routi\u00e8re), sensibilisent et informent les jeunes sur la l\u00e9gislation routi\u00e8re et les risques encourues. Ils interviennent au Lyc\u00e9e Claude de France dans le cadre du CESC mais aussi au sein de la maison de quartier des Favignolles. Ils peuvent \u00e9galement intervenir aupr\u00e8s des coll\u00e9giens et des primaires. En 2023, toutes les classes de 4\u00e8me du coll\u00e8ge L\u00e9onard de Vinci ont ainsi b\u00e9n\u00e9ficier du projet.<\/p>\n<hr \/>\n<h3><strong>Sensibilisation aux \u00e9crans\u00a0:<\/strong><\/h3>\n<hr \/>\n<h3><strong>Projet sant\u00e9 pr\u00e9carit\u00e9\u00a0:<\/strong><\/h3>\n<p>Depuis 2005, la coordination tripartite\u00a0: CCAS, Centre Coordination Hospitalier et Mission Locale, permet de rassembler les professionnels de structures diff\u00e9rentes (sanitaires, sociales, judiciaires, \u00e9ducatives) sur l\u2019arrondissement de Romorantin-Lanthenay afin de travailler ensemble.<\/p>\n<p>Les th\u00e8mes abord\u00e9s depuis 2006\u00a0: d\u00e9tection de la crise suicidaire, la rupture du lien social, les dangers des \u00e9crans\u2026<\/p>\n","protected":false},"excerpt":{"rendered":"<p>Projet pr\u00e9vention routi\u00e8re\u00a0: \u00a0\u00ab\u00a0Devenir des citoyens de la route\u00a0\u00bb Les animateurs, form\u00e9s IDSR (Intervenants d\u00e9partemental de la S\u00e9curit\u00e9 Routi\u00e8re), sensibilisent et informent les jeunes sur &hellip;<\/p>\n","protected":false},"author":2,"featured_media":0,"parent":16,"menu_order":0,"comment_status":"closed","ping_status":"open","template":"","meta":{"footnotes":"","_links_to":"","_links_to_target":""},"class_list":["post-174","page","type-page","status-publish","hentry"],"_links":{"self":[{"href":"https:\/\/www.jeunesse.romorantin.net\/index.php?rest_route=\/wp\/v2\/pages\/174","targetHints":{"allow":["GET"]}}],"collection":[{"href":"https:\/\/www.jeunesse.romorantin.net\/index.php?rest_route=\/wp\/v2\/pages"}],"about":[{"href":"https:\/\/www.jeunesse.romorantin.net\/index.php?rest_route=\/wp\/v2\/types\/page"}],"author":[{"embeddable":true,"href":"https:\/\/www.jeunesse.romorantin.net\/index.php?rest_route=\/wp\/v2\/users\/2"}],"replies":[{"embeddable":true,"href":"https:\/\/www.jeunesse.romorantin.net\/index.php?rest_route=%2Fwp%2Fv2%2Fcomments&post=174"}],"version-history":[{"count":14,"href":"https:\/\/www.jeunesse.romorantin.net\/index.php?rest_route=\/wp\/v2\/pages\/174\/revisions"}],"predecessor-version":[{"id":4252,"href":"https:\/\/www.jeunesse.romorantin.net\/index.php?rest_route=\/wp\/v2\/pages\/174\/revisions\/4252"}],"up":[{"embeddable":true,"href":"https:\/\/www.jeunesse.romorantin.net\/index.php?rest_route=\/wp\/v2\/pages\/16"}],"wp:attachment":[{"href":"https:\/\/www.jeunesse.romorantin.net\/index.php?rest_route=%2Fwp%2Fv2%2Fmedia&parent=174"}],"curies":[{"name":"wp","href":"https:\/\/api.w.org\/{rel}","templated":true}]}}