{"id":172,"date":"2014-04-14T09:11:32","date_gmt":"2014-04-14T08:11:32","guid":{"rendered":"http:\/\/www.jeunesse.romorantin.net\/?page_id=172"},"modified":"2016-09-22T08:20:37","modified_gmt":"2016-09-22T06:20:37","slug":"cultures-urbaines","status":"publish","type":"page","link":"https:\/\/www.jeunesse.romorantin.net\/?page_id=172","title":{"rendered":"Cultures urbaines"},"content":{"rendered":"<hr \/>\n<h2 style=\"text-align: justify;\"><\/h2>\n<h2 style=\"text-align: justify;\"><\/h2>\n<h2 style=\"text-align: justify;\"><span style=\"text-decoration: underline; color: #000000;\"><strong>Hip Hop<\/strong>\u00a0:<\/span><img loading=\"lazy\" decoding=\"async\" class=\"aligncenter wp-image-503 size-full\" src=\"http:\/\/www.jeunesse.romorantin.net\/wp-content\/uploads\/2014\/04\/banhiphop.png\" alt=\"banhiphop\" width=\"624\" height=\"227\" srcset=\"https:\/\/www.jeunesse.romorantin.net\/wp-content\/uploads\/2014\/04\/banhiphop.png 624w, https:\/\/www.jeunesse.romorantin.net\/wp-content\/uploads\/2014\/04\/banhiphop-300x109.png 300w\" sizes=\"auto, (max-width: 624px) 100vw, 624px\" \/><\/h2>\n<p style=\"text-align: justify;\">Faire d\u00e9couvrir cette culture \u00e0 des jeunes Romorantinais qui veulent apprendre ce qu\u2019est le hip-hop au travers de diff\u00e9rentes pratiques et en particulier les danses.<\/p>\n<p style=\"text-align: justify;\">Le hip-hop pourra\u00a0 leur faciliter l\u2019ouverture vers l\u2019ext\u00e9rieur mais imposera certaines r\u00e8gles de vie.<\/p>\n<p style=\"text-align: justify;\">C\u2019est un outil qui permettra aux jeunes d\u2019exprimer en toute libert\u00e9 leurs inhibitions (vaincre leur timidit\u00e9), leur bien \u00eatre et de mieux conna\u00eetre leur corps. Les jeunes auront plus d\u2019assurance et pourront se conna\u00eetre mutuellement en tissant de nouveaux liens avec des personnes ext\u00e9rieures \u00e0 leur vie quotidienne.<\/p>\n<p style=\"text-align: center;\"><span style=\"color: #800080;\"><strong>1h30 d\u2019\u00e9vasion<\/strong><\/span><\/p>\n<hr \/>\n<h2><\/h2>\n<h2><span style=\"text-decoration: underline;\"><strong>Graff\u2019<\/strong> :<\/span><\/h2>\n<p style=\"text-align: center;\"><span style=\"color: #800080;\"><strong><img loading=\"lazy\" decoding=\"async\" class=\"alignnone wp-image-501 size-full\" src=\"http:\/\/www.jeunesse.romorantin.net\/wp-content\/uploads\/2014\/04\/banngarff.png\" alt=\"banngarff\" width=\"624\" height=\"227\" srcset=\"https:\/\/www.jeunesse.romorantin.net\/wp-content\/uploads\/2014\/04\/banngarff.png 624w, https:\/\/www.jeunesse.romorantin.net\/wp-content\/uploads\/2014\/04\/banngarff-300x109.png 300w\" sizes=\"auto, (max-width: 624px) 100vw, 624px\" \/><\/strong><\/span><\/p>\n<p style=\"text-align: justify;\">Dans le cadre du projet \u00e9ducatif local, le <em>Service Jeunesse<\/em> souhaite\u00a0 valoriser\u00a0 toutes\u00a0 pratiques\u00a0 artistiques\u00a0 et\u00a0 culturelles\u00a0 favorisant l\u2019expression et l\u2019\u00e9panouissement culturel\u00a0 des jeunes. Le graffiti\u00a0 est\u00a0 une pratique, aujourd\u2019hui identifi\u00e9e et reconnue par les jeunes.<\/p>\n<p style=\"text-align: justify;\">Une convention avec l\u2019ERDF est sign\u00e9e depuis 2011. A ce titre, plusieurs transformateurs \u00e9lectriques sont restaur\u00e9s et embellis par les r\u00e9alisations artistiques des jeunes.<\/p>\n<p><a href=\"http:\/\/www.jeunesse.romorantin.net\/wp-content\/uploads\/2014\/04\/DSC_0201.png\"><img loading=\"lazy\" decoding=\"async\" class=\"alignnone wp-image-312 size-thumbnail\" src=\"http:\/\/www.jeunesse.romorantin.net\/wp-content\/uploads\/2014\/04\/DSC_0201-150x150.png\" alt=\"DSC_0201\" width=\"150\" height=\"150\" srcset=\"https:\/\/www.jeunesse.romorantin.net\/wp-content\/uploads\/2014\/04\/DSC_0201-150x150.png 150w, https:\/\/www.jeunesse.romorantin.net\/wp-content\/uploads\/2014\/04\/DSC_0201-37x37.png 37w, https:\/\/www.jeunesse.romorantin.net\/wp-content\/uploads\/2014\/04\/DSC_0201-128x128.png 128w, https:\/\/www.jeunesse.romorantin.net\/wp-content\/uploads\/2014\/04\/DSC_0201-184x184.png 184w\" sizes=\"auto, (max-width: 150px) 100vw, 150px\" \/><\/a> <a href=\"http:\/\/www.jeunesse.romorantin.net\/wp-content\/uploads\/2014\/04\/DSC_02091.png\"><img loading=\"lazy\" decoding=\"async\" class=\"alignright wp-image-313 size-thumbnail\" src=\"http:\/\/www.jeunesse.romorantin.net\/wp-content\/uploads\/2014\/04\/DSC_02091-150x150.png\" alt=\"DSC_0209\" width=\"150\" height=\"150\" srcset=\"https:\/\/www.jeunesse.romorantin.net\/wp-content\/uploads\/2014\/04\/DSC_02091-150x150.png 150w, https:\/\/www.jeunesse.romorantin.net\/wp-content\/uploads\/2014\/04\/DSC_02091-37x37.png 37w, https:\/\/www.jeunesse.romorantin.net\/wp-content\/uploads\/2014\/04\/DSC_02091-128x128.png 128w, https:\/\/www.jeunesse.romorantin.net\/wp-content\/uploads\/2014\/04\/DSC_02091-184x184.png 184w\" sizes=\"auto, (max-width: 150px) 100vw, 150px\" \/><\/a><\/p>\n","protected":false},"excerpt":{"rendered":"<p>Hip Hop\u00a0: Faire d\u00e9couvrir cette culture \u00e0 des jeunes Romorantinais qui veulent apprendre ce qu\u2019est le hip-hop au travers de diff\u00e9rentes pratiques et en particulier &hellip;<\/p>\n","protected":false},"author":2,"featured_media":0,"parent":16,"menu_order":0,"comment_status":"closed","ping_status":"open","template":"","meta":{"footnotes":"","_links_to":"","_links_to_target":""},"class_list":["post-172","page","type-page","status-publish","hentry"],"_links":{"self":[{"href":"https:\/\/www.jeunesse.romorantin.net\/index.php?rest_route=\/wp\/v2\/pages\/172","targetHints":{"allow":["GET"]}}],"collection":[{"href":"https:\/\/www.jeunesse.romorantin.net\/index.php?rest_route=\/wp\/v2\/pages"}],"about":[{"href":"https:\/\/www.jeunesse.romorantin.net\/index.php?rest_route=\/wp\/v2\/types\/page"}],"author":[{"embeddable":true,"href":"https:\/\/www.jeunesse.romorantin.net\/index.php?rest_route=\/wp\/v2\/users\/2"}],"replies":[{"embeddable":true,"href":"https:\/\/www.jeunesse.romorantin.net\/index.php?rest_route=%2Fwp%2Fv2%2Fcomments&post=172"}],"version-history":[{"count":24,"href":"https:\/\/www.jeunesse.romorantin.net\/index.php?rest_route=\/wp\/v2\/pages\/172\/revisions"}],"predecessor-version":[{"id":3180,"href":"https:\/\/www.jeunesse.romorantin.net\/index.php?rest_route=\/wp\/v2\/pages\/172\/revisions\/3180"}],"up":[{"embeddable":true,"href":"https:\/\/www.jeunesse.romorantin.net\/index.php?rest_route=\/wp\/v2\/pages\/16"}],"wp:attachment":[{"href":"https:\/\/www.jeunesse.romorantin.net\/index.php?rest_route=%2Fwp%2Fv2%2Fmedia&parent=172"}],"curies":[{"name":"wp","href":"https:\/\/api.w.org\/{rel}","templated":true}]}}