{"id":170,"date":"2014-04-14T09:11:08","date_gmt":"2014-04-14T08:11:08","guid":{"rendered":"http:\/\/www.jeunesse.romorantin.net\/?page_id=170"},"modified":"2023-03-31T14:54:51","modified_gmt":"2023-03-31T12:54:51","slug":"les-animations-de-quartier","status":"publish","type":"page","link":"https:\/\/www.jeunesse.romorantin.net\/?page_id=170","title":{"rendered":"Les animations de quartier"},"content":{"rendered":"<hr \/>\n<p>&nbsp;<\/p>\n<p style=\"text-align: center;\"><span style=\"color: #000000;\">Le Service Jeunesse intervient directement sur 2 quartiers de Romorantin-Lanthenay,\u00a0\u00a0<\/span><span style=\"color: #000000;\"><strong>St Marc<\/strong>\u00a0et <strong>Les Favignolles<\/strong>.\u00a0<\/span><span style=\"color: #000000;\">On y trouve deux p\u00f4les de proximit\u00e9, ouverts \u00e0 tous les jeunes de la ville :<\/span><\/p>\n<h4 style=\"text-align: center;\"><span style=\"color: #000000;\"><strong>L&rsquo;<a href=\"http:\/\/www.jeunesse.romorantin.net\/?page_id=160\" target=\"_blank\" rel=\"noopener noreferrer\">Agora \u00e0 St Marc<\/a> et la\u00a0<\/strong><\/span><a href=\"http:\/\/www.jeunesse.romorantin.net\/?page_id=158\" target=\"_blank\" rel=\"noopener noreferrer\"><strong>Maison de quartier des Favignolles<\/strong><\/a><\/h4>\n<p>&nbsp;<\/p>\n<p style=\"text-align: justify;\"><span style=\"color: #000000;\">Ce sont des\u00a0espaces d&rsquo;accueil et de loisirs \u00e9ducatifs dans le domaine de l&rsquo;<a style=\"color: #000000;\" title=\"Animation socioculturelle\" href=\"https:\/\/fr.wikipedia.org\/wiki\/Animation_socioculturelle\">animation socioculturelle<\/a>, implant\u00e9s dans les\u00a0<a style=\"color: #000000;\" title=\"Quartier (ville)\" href=\"https:\/\/fr.wikipedia.org\/wiki\/Quartier_(ville)\">quartiers <\/a>qui\u00a0proposent aux habitants des actions sociales et socio-\u00e9ducatives, des services de proximit\u00e9 et des activit\u00e9s socioculturelles. Chaque habitant et association agissant dans ce p\u00e9rim\u00e8tre y trouve sa place en son sein et peut mener les activit\u00e9s ou animations qu&rsquo;ils souhaitent en direction du reste de la population.<\/span><\/p>\n<h3><strong>Les projets de quartier<\/strong>\u00a0:<\/h3>\n<p>&nbsp;<\/p>\n<p><span style=\"text-decoration: underline;\"><span style=\"color: #000000; text-decoration: underline;\">Accompagnement scolaire<\/span><\/span><\/p>\n<p style=\"text-align: justify;\"><span style=\"color: #000000;\">Dans le cadre du CLAS (Contrat Local d&rsquo;Accompagnement \u00e0 la Scolarit\u00e9) pilot\u00e9 par l&rsquo;Espace St Exup\u00e9ry, les animateurs du Service Jeunesse proposent un accompagnement scolaire deux fois par semaine dans l&rsquo;\u00e9coles de St Marc (mardi et jeudi)<\/span><span style=\"color: #000000;\">. Les enseignants rep\u00e8rent les enfants en difficult\u00e9 et proposent de leur faire b\u00e9n\u00e9ficier d&rsquo;accompagnement \u00e9ducatif apr\u00e8s les cours. C&rsquo;est un temps passerelle entre l&rsquo;\u00e9cole et la famille durant lequel ont lieu de l&rsquo;aide aux devoirs mais \u00e9galement des temps plus ludiques tout en restant \u00e9ducatifs.<\/span><\/p>\n<p><span style=\"text-decoration: underline;\"><span style=\"color: #000000; text-decoration: underline;\">Pour tous les jeunes<\/span><\/span><\/p>\n<p style=\"text-align: justify;\"><span style=\"color: #000000;\">Tout au long de l&rsquo;ann\u00e9e, les animateurs du Service Jeunesse proposent aux jeunes fr\u00e9quentant l&rsquo;Agora ou la Maison de Quartier des Favignolles de prendre part aux \u00e9v\u00e8nements organis\u00e9s par d&rsquo;autres structures ou associations de Romorantin : directement sur les lieux ou hors les murs, en assistant \u00e0 des\u00a0\u00e9v\u00e8nements ou en faisant appel \u00e0 leur imagination cr\u00e9ative.<\/span><\/p>\n<p><span style=\"text-decoration: underline;\"><span style=\"color: #000000; text-decoration: underline;\">Adolescents<\/span><\/span><\/p>\n<p><span style=\"color: #000000;\">Une fois par semaine, l&rsquo;Agora et la Maison de Quartier des Favignolles proposent un d\u00e9but de soir\u00e9e pour les adolescents le mardi soir de 18h \u00e0 20h.<\/span><\/p>\n<p><span style=\"text-decoration: underline;\"><span style=\"color: #000000; text-decoration: underline;\">Projet Junior\/Senior<\/span><\/span><\/p>\n<p style=\"text-align: justify;\"><span style=\"color: #000000;\">En partenariat avec la r\u00e9sidence Domytis \u00ab Le Jardin des Trois Rois \u00bb, le Service Jeunesse a mis en place un projet interg\u00e9n\u00e9rationnel durant lequel, plusieurs fois par an, des activit\u00e9s sont propos\u00e9es r\u00e9unissant les S\u00e9niors et les Juniors.<\/span><\/p>\n<p>&nbsp;<\/p>\n<p>&nbsp;<\/p>\n","protected":false},"excerpt":{"rendered":"<p>&nbsp; Le Service Jeunesse intervient directement sur 2 quartiers de Romorantin-Lanthenay,\u00a0\u00a0St Marc\u00a0et Les Favignolles.\u00a0On y trouve deux p\u00f4les de proximit\u00e9, ouverts \u00e0 tous les jeunes &hellip;<\/p>\n","protected":false},"author":2,"featured_media":0,"parent":16,"menu_order":0,"comment_status":"closed","ping_status":"open","template":"","meta":{"footnotes":"","_links_to":"","_links_to_target":""},"class_list":["post-170","page","type-page","status-publish","hentry"],"_links":{"self":[{"href":"https:\/\/www.jeunesse.romorantin.net\/index.php?rest_route=\/wp\/v2\/pages\/170","targetHints":{"allow":["GET"]}}],"collection":[{"href":"https:\/\/www.jeunesse.romorantin.net\/index.php?rest_route=\/wp\/v2\/pages"}],"about":[{"href":"https:\/\/www.jeunesse.romorantin.net\/index.php?rest_route=\/wp\/v2\/types\/page"}],"author":[{"embeddable":true,"href":"https:\/\/www.jeunesse.romorantin.net\/index.php?rest_route=\/wp\/v2\/users\/2"}],"replies":[{"embeddable":true,"href":"https:\/\/www.jeunesse.romorantin.net\/index.php?rest_route=%2Fwp%2Fv2%2Fcomments&post=170"}],"version-history":[{"count":66,"href":"https:\/\/www.jeunesse.romorantin.net\/index.php?rest_route=\/wp\/v2\/pages\/170\/revisions"}],"predecessor-version":[{"id":4192,"href":"https:\/\/www.jeunesse.romorantin.net\/index.php?rest_route=\/wp\/v2\/pages\/170\/revisions\/4192"}],"up":[{"embeddable":true,"href":"https:\/\/www.jeunesse.romorantin.net\/index.php?rest_route=\/wp\/v2\/pages\/16"}],"wp:attachment":[{"href":"https:\/\/www.jeunesse.romorantin.net\/index.php?rest_route=%2Fwp%2Fv2%2Fmedia&parent=170"}],"curies":[{"name":"wp","href":"https:\/\/api.w.org\/{rel}","templated":true}]}}