{"id":166,"date":"2014-04-14T09:09:11","date_gmt":"2014-04-14T08:09:11","guid":{"rendered":"http:\/\/www.jeunesse.romorantin.net\/?page_id=166"},"modified":"2024-01-15T10:52:13","modified_gmt":"2024-01-15T08:52:13","slug":"inscriptions","status":"publish","type":"page","link":"https:\/\/www.jeunesse.romorantin.net\/?page_id=166","title":{"rendered":"Inscriptions"},"content":{"rendered":"<hr \/>\n<p><img loading=\"lazy\" decoding=\"async\" class=\"alignnone size-full wp-image-811\" src=\"http:\/\/www.jeunesse.romorantin.net\/wp-content\/uploads\/2014\/04\/flecheinversee.png\" alt=\"flecheinversee\" width=\"25\" height=\"25\" \/>\u00a0<a href=\"http:\/\/www.jeunesse.romorantin.net\/?page_id=153\">Pr\u00e9sentation du Service Jeunesse<\/a><\/p>\n<p style=\"text-align: justify;\"><span style=\"text-decoration: underline;\"><strong>Les documents n\u00e9cessaires aux inscriptions<\/strong><\/span><strong>\u00a0:<\/strong><\/p>\n<ul>\n<li style=\"text-align: justify;\">Une autorisation parentale obligatoire d\u00fbment remplie et sign\u00e9e (Autorisation \u00e0 retrouver lors des inscriptions ou \u00e0 t\u00e9l\u00e9charger sur le site<a href=\"http:\/\/www.jeunesse.romorantin.net\/wp-content\/uploads\/2024\/01\/AUTORISATION-PARENTALE-.pdf\">\u00a0ICI<\/a> ).<\/li>\n<li>Une fiche sanitaire obligatoire d\u00fbment remplie et sign\u00e9e (Fiche sanitaire \u00e0 retrouver lors des inscriptions ou \u00e0 t\u00e9l\u00e9charger sur le site <a href=\"http:\/\/www.jeunesse.romorantin.net\/wp-content\/uploads\/2014\/06\/FICHES-LIAISONS.pdf\" target=\"_blank\" rel=\"noopener noreferrer\">ICI<\/a> ).<\/li>\n<li style=\"text-align: justify;\">Droit \u00e0 l\u2019image : dans le cadre des activit\u00e9s du Service Jeunesse, les animateurs, apr\u00e8s accord des familles, peuvent \u00eatre amen\u00e9s \u00e0 prendre et\/ou utiliser des photos et vid\u00e9os. Cela concerne la prise de vue et\/ou la diffusion de photographies et\/ou vid\u00e9os du mineur en vue d\u2019une communication au public sur tout support (magazines d\u2019information ; plaquettes d\u2019animations vacances ; presse locale ; site internet de la commune ou du Service Jeunesse ; r\u00e9seaux sociaux ; affiches ; flyers ; diaporama). Il est entendu qu\u2019aucun usage commercial ne sera fait de l\u2019image de votre enfant et que la ville s\u2019interdit tout usage pouvant porter atteinte \u00e0 sa dignit\u00e9. Conform\u00e9ment \u00e0 la l\u00e9gislation en vigueur, le sujet ou son\/ses repr\u00e9sentant(s) l\u00e9gal\/l\u00e9gaux dispose(nt) d\u2019un libre acc\u00e8s aux images concernant la personne mineure et a le droit de demander \u00e0 tout moment le retrait de celles-ci. L&rsquo;autorisation de prises de photos doit \u00eatre obligatoirement remplie et sign\u00e9e (Documents \u00e0\u00a0\u00e0 retrouver lors des inscriptions ou \u00e0 t\u00e9l\u00e9charger sur le site\u00a0<a href=\"http:\/\/www.jeunesse.romorantin.net\/wp-content\/uploads\/2017\/03\/Autorisation-photos.pdf\" target=\"_blank\" rel=\"noopener noreferrer\">ICI<\/a>\u00a0).<\/li>\n<li>Attestation de Responsabilit\u00e9 Civile<\/li>\n<li>Brevet de Natation (demand\u00e9 pour certaines activit\u00e9s nautiques, il est d\u00e9livr\u00e9 par les ma\u00eetres nageurs sauveteurs)<\/li>\n<li>Le Passeport notifie les participations aux activit\u00e9s, dans chaque programme de vacances<\/li>\n<li>Un projet p\u00e9dagogique est donn\u00e9 avant chaque s\u00e9jour et une r\u00e9union de pr\u00e9sentation permet d\u2019en expliquer le d\u00e9roulement<\/li>\n<li style=\"text-align: justify;\">Des sorties VTT sont parfois organis\u00e9es, le pr\u00eat de VTT et de casque est possible. Le port de ce dernier obligatoire<\/li>\n<\/ul>\n<p style=\"text-align: justify;\"><span style=\"text-decoration: underline;\"><strong>Assurances<\/strong><\/span><strong>\u00a0:<\/strong><\/p>\n<ul style=\"text-align: justify;\">\n<li>L\u2019organisation est assur\u00e9e en Responsabilit\u00e9 Civile par la Mairie de Romorantin-Lanthenay pour son fonctionnement (locaux, personnel encadrant) et les activit\u00e9s conduites<\/li>\n<\/ul>\n<p style=\"text-align: justify;\"><span style=\"text-decoration: underline;\"><strong>Les tarifs<\/strong><\/span><strong>\u00a0: <\/strong><\/p>\n<ul>\n<li style=\"text-align: justify;\">La d\u00e9cision tarifaire est indispensable \u00e0 l\u2019encaissement des paiements<\/li>\n<li style=\"text-align: justify;\">Les paiements peuvent s\u2019effectuer par ch\u00e8que (\u00e0 l\u2019ordre du Tr\u00e9sor Public) ou en num\u00e9raire : syst\u00e9matiquement un re\u00e7u d\u2019encaissement du Tr\u00e9sor Public\u00a0est d\u00e9livr\u00e9<\/li>\n<li style=\"text-align: justify;\">Il est \u00e9galement possible de payer\u00a0en ch\u00e8ques vacances ANCV et avec les passeports temps libres<\/li>\n<li style=\"text-align: justify;\">Toute activit\u00e9 doit \u00eatre r\u00e9gl\u00e9e avant le d\u00e9part<\/li>\n<\/ul>\n<p style=\"text-align: center;\"><span style=\"color: #ff0000;\">Toute annulation d&rsquo;une activit\u00e9, ou absence de l&rsquo;enfant doit \u00eatre signal\u00e9e au Service Jeunesse. Sur pr\u00e9sentation d&rsquo;un justificatif m\u00e9dical ou du fait de l&rsquo;annulation d&rsquo;une activit\u00e9 au pr\u00e9alable par la famille ou par le Service Jeunesse, un remboursement est possible. Fournir obligatoirement le re\u00e7u du Tr\u00e9sor Public qui a \u00e9t\u00e9 d\u00e9livr\u00e9.<\/span><\/p>\n","protected":false},"excerpt":{"rendered":"<p>\u00a0Pr\u00e9sentation du Service Jeunesse Les documents n\u00e9cessaires aux inscriptions\u00a0: Une autorisation parentale obligatoire d\u00fbment remplie et sign\u00e9e (Autorisation \u00e0 retrouver lors des inscriptions ou \u00e0 &hellip;<\/p>\n","protected":false},"author":2,"featured_media":0,"parent":153,"menu_order":0,"comment_status":"closed","ping_status":"open","template":"","meta":{"footnotes":"","_links_to":"","_links_to_target":""},"class_list":["post-166","page","type-page","status-publish","hentry"],"_links":{"self":[{"href":"https:\/\/www.jeunesse.romorantin.net\/index.php?rest_route=\/wp\/v2\/pages\/166","targetHints":{"allow":["GET"]}}],"collection":[{"href":"https:\/\/www.jeunesse.romorantin.net\/index.php?rest_route=\/wp\/v2\/pages"}],"about":[{"href":"https:\/\/www.jeunesse.romorantin.net\/index.php?rest_route=\/wp\/v2\/types\/page"}],"author":[{"embeddable":true,"href":"https:\/\/www.jeunesse.romorantin.net\/index.php?rest_route=\/wp\/v2\/users\/2"}],"replies":[{"embeddable":true,"href":"https:\/\/www.jeunesse.romorantin.net\/index.php?rest_route=%2Fwp%2Fv2%2Fcomments&post=166"}],"version-history":[{"count":21,"href":"https:\/\/www.jeunesse.romorantin.net\/index.php?rest_route=\/wp\/v2\/pages\/166\/revisions"}],"predecessor-version":[{"id":5236,"href":"https:\/\/www.jeunesse.romorantin.net\/index.php?rest_route=\/wp\/v2\/pages\/166\/revisions\/5236"}],"up":[{"embeddable":true,"href":"https:\/\/www.jeunesse.romorantin.net\/index.php?rest_route=\/wp\/v2\/pages\/153"}],"wp:attachment":[{"href":"https:\/\/www.jeunesse.romorantin.net\/index.php?rest_route=%2Fwp%2Fv2%2Fmedia&parent=166"}],"curies":[{"name":"wp","href":"https:\/\/api.w.org\/{rel}","templated":true}]}}