{"id":164,"date":"2014-04-14T09:08:51","date_gmt":"2014-04-14T08:08:51","guid":{"rendered":"http:\/\/www.jeunesse.romorantin.net\/?page_id=164"},"modified":"2023-03-30T11:34:08","modified_gmt":"2023-03-30T09:34:08","slug":"son-role-objectifs-reglementation","status":"publish","type":"page","link":"https:\/\/www.jeunesse.romorantin.net\/?page_id=164","title":{"rendered":"Son r\u00f4le \/ Objectifs \/ R\u00e9glementation"},"content":{"rendered":"<p>&nbsp;<\/p>\n<hr \/>\n<p><img loading=\"lazy\" decoding=\"async\" class=\"alignnone size-full wp-image-811\" src=\"http:\/\/www.jeunesse.romorantin.net\/wp-content\/uploads\/2014\/04\/flecheinversee.png\" alt=\"flecheinversee\" width=\"25\" height=\"25\" \/>\u00a0<a href=\"http:\/\/www.jeunesse.romorantin.net\/?page_id=153\">Pr\u00e9sentation du Service Jeunesse<\/a><\/p>\n<p><span style=\"text-decoration: underline;\">Son r\u00f4le\u00a0:<\/span><\/p>\n<ul>\n<li style=\"text-align: justify;\">G\u00e9rer certaines structures municipales :\n<ul>\n<li><a href=\"http:\/\/www.jeunesse.romorantin.net\/?page_id=156\" target=\"_blank\" rel=\"noopener noreferrer\">le Point Information Jeunesse<\/a><\/li>\n<li>le Point Cyb (Espace Public Num\u00e9rique)<\/li>\n<li><a href=\"http:\/\/www.jeunesse.romorantin.net\/?page_id=158\" target=\"_blank\" rel=\"noopener noreferrer\">la Maison de Quartier des Favignolles<\/a><\/li>\n<li><a href=\"http:\/\/www.jeunesse.romorantin.net\/?page_id=160\" target=\"_blank\" rel=\"noopener noreferrer\">l\u2019Agora \u00e0 St Marc<\/a><\/li>\n<li>l&rsquo;Espace Saint Exup\u00e9ry, centre social<\/li>\n<\/ul>\n<\/li>\n<li style=\"text-align: justify;\">Mettre en place des animations vacances pour les 6\/17 ans en proposant une vari\u00e9t\u00e9 d&rsquo;activit\u00e9s ax\u00e9es sur les loisirs, la culture et l&rsquo;\u00e9ducation accessibles \u00e0 tous<\/li>\n<li style=\"text-align: justify;\">Mettre en place des projets \u00e0 destination des jeunes dans les temps p\u00e9riscolaires<\/li>\n<li style=\"text-align: justify;\">Favoriser les initiatives de jeunes lors d\u2019accompagnement de projets<\/li>\n<li style=\"text-align: justify;\">Etre un soutien et un v\u00e9ritable relais vers les structures municipales et associatives pour les jeunes<\/li>\n<\/ul>\n<p style=\"text-align: justify;\"><span style=\"text-decoration: underline;\">Objectifs\u00a0:<\/span><\/p>\n<ul style=\"text-align: justify;\">\n<li>Garantir l\u2019acc\u00e8s de tous, jeunes et adolescents, aux activit\u00e9s diversifi\u00e9es\u00a0: sportives, culturelles et socio \u00e9ducatives<\/li>\n<li>Mener une politique tarifaire accessible aux enfants des familles les plus modestes<\/li>\n<li>Contribuer \u00e0 l\u2019\u00e9panouissement des enfants et des jeunes et \u00e0 leur int\u00e9gration dans la soci\u00e9t\u00e9 par des actions favorisant l\u2019apprentissage de la vie sociale et la responsabilisation pour les plus grands<\/li>\n<li>Organiser dans des lieux d\u2019accueils d\u00e9centralis\u00e9s, une permanence \u00e9ducative permettant aux jeunes d\u2019avoir des animateurs comme interlocuteurs r\u00e9f\u00e9rents<\/li>\n<li>Accompagner chaque jeune dans une d\u00e9marche de projet individuel ou collectif<\/li>\n<li>Mutualiser les moyens et travailler en v\u00e9ritable partenariat afin d\u2019am\u00e9liorer les diff\u00e9rents temps de socialisation de l\u2019enfant et des jeunes<\/li>\n<li>Faciliter la lisibilit\u00e9 des actions, projets et implication des jeunes dans la vie locale<\/li>\n<li>Permettre aux parents de mieux articuler vie professionnelle et vie priv\u00e9e<\/li>\n<\/ul>\n<p style=\"text-align: justify;\"><span style=\"text-decoration: underline;\">Evaluation\u00a0:<\/span><\/p>\n<p style=\"text-align: justify;\">L\u2019organisation et l\u2019\u00e9laboration des actions et projets d\u2019actions sont syst\u00e9matiquement \u00e9valu\u00e9s et r\u00e9adapt\u00e9s en fonction des points n\u00e9gatifs et positifs. Les participants sont associ\u00e9s \u00e0 l\u2019\u00e9valuation des actions ainsi que les prestataires et les parents.<\/p>\n<p style=\"text-align: justify;\">Ceci se fait de diff\u00e9rentes mani\u00e8res\u00a0: par questionnaire ou de fa\u00e7on informelle durant le temps du repas, ou encore en fin de s\u00e9ance. L\u2019objectif est de recueillir de l\u2019information et des observations sur les effets de l\u2019action pour la personne, le quartier, la ville<\/p>\n<p style=\"text-align: justify;\">La qualit\u00e9 de l\u2019accueil durant les activit\u00e9s reste un souci permanent. Le choix des activit\u00e9s selon les p\u00e9riodes de l\u2019ann\u00e9e et selon\u00a0les conditions m\u00e9t\u00e9o, les disponibilit\u00e9s des \u00e9quipements, l\u2019int\u00e9r\u00eat ou non port\u00e9 par les enfants. Tous ces crit\u00e8res qualitatifs sont \u00e0 pris en compte.<\/p>\n<p style=\"text-align: justify;\"><span style=\"text-decoration: underline;\">R\u00e8glementation\u00a0:<\/span><\/p>\n<p style=\"text-align: justify;\">Le Service Jeunesse est soumis aux d\u00e9clarations et \u00e0 la r\u00e8glementation des accueils collectifs de mineurs aupr\u00e8s de la Direction D\u00e9partementale de la Coh\u00e9sion Sociale et de la Protections des Populations (D.D.C.S.P.P).<\/p>\n<p style=\"text-align: justify;\"><span style=\"text-decoration: underline;\">Encadrement\u00a0et qualification :<\/span><\/p>\n<ul style=\"text-align: justify;\">\n<li>Le taux d\u2019encadrement et de qualification sont conformes \u00e0 la r\u00e8glementation<\/li>\n<li>Les animateurs du Service Jeunesse et les \u00e9ducateurs du Service des Sports qui encadrent les animations ont les dipl\u00f4mes requis pour l\u2019encadrement d\u2019enfants et d\u2019adolescents<\/li>\n<li>Des intervenants ext\u00e9rieurs dipl\u00f4m\u00e9s sont \u00e9galement n\u00e9cessaires selon les pratiques et les activit\u00e9s<\/li>\n<\/ul>\n<p style=\"text-align: justify;\"><span style=\"text-decoration: underline;\">Responsabilit\u00e9s\u00a0:<\/span><\/p>\n<ul style=\"text-align: justify;\">\n<li>Les enfants sont sous la responsabilit\u00e9 de l\u2019organisateur d\u00e8s qu\u2019ils arrivent sur le lieu de l\u2019activit\u00e9 et\u00a0\/ ou de l\u2019accueil, mais celle-ci ne saurait \u00eatre engag\u00e9e lorsque le jeune quitte les lieux<\/li>\n<li>Un jeune peut repartir seul, si et seulement si, les parents l\u2019ont autoris\u00e9 \u00e0 le faire (cette mention doit obligatoirement \u00eatre compl\u00e9t\u00e9e sur l\u2019autorisation parentale)<\/li>\n<\/ul>\n<p style=\"text-align: justify;\"><span style=\"text-decoration: underline;\">Les transports et d\u00e9placements\u00a0:<\/span><\/p>\n<ul>\n<li style=\"text-align: justify;\">Les d\u00e9placements s\u2019effectuent avec des minibus 9 places (Service Jeunesse ou location) ou exceptionnellement en transport collectif (pour les grandes sorties)<\/li>\n<li style=\"text-align: justify;\">Les minibus sont \u00e9quip\u00e9s de rehausseurs pour les enfants de moins de 10 ans. Les lieux de d\u00e9parts et d&rsquo;arriv\u00e9es peuvent varier selon les activit\u00e9s<\/li>\n<li style=\"text-align: justify;\">Des sorties VTT sont parfois organis\u00e9es, le pr\u00eat de VTT et de casque est possible. Le port de ce dernier obligatoire<\/li>\n<\/ul>\n","protected":false},"excerpt":{"rendered":"<p>&nbsp; \u00a0Pr\u00e9sentation du Service Jeunesse Son r\u00f4le\u00a0: G\u00e9rer certaines structures municipales : le Point Information Jeunesse le Point Cyb (Espace Public Num\u00e9rique) la Maison de &hellip;<\/p>\n","protected":false},"author":2,"featured_media":0,"parent":153,"menu_order":0,"comment_status":"closed","ping_status":"open","template":"","meta":{"footnotes":"","_links_to":"","_links_to_target":""},"class_list":["post-164","page","type-page","status-publish","hentry"],"_links":{"self":[{"href":"https:\/\/www.jeunesse.romorantin.net\/index.php?rest_route=\/wp\/v2\/pages\/164","targetHints":{"allow":["GET"]}}],"collection":[{"href":"https:\/\/www.jeunesse.romorantin.net\/index.php?rest_route=\/wp\/v2\/pages"}],"about":[{"href":"https:\/\/www.jeunesse.romorantin.net\/index.php?rest_route=\/wp\/v2\/types\/page"}],"author":[{"embeddable":true,"href":"https:\/\/www.jeunesse.romorantin.net\/index.php?rest_route=\/wp\/v2\/users\/2"}],"replies":[{"embeddable":true,"href":"https:\/\/www.jeunesse.romorantin.net\/index.php?rest_route=%2Fwp%2Fv2%2Fcomments&post=164"}],"version-history":[{"count":22,"href":"https:\/\/www.jeunesse.romorantin.net\/index.php?rest_route=\/wp\/v2\/pages\/164\/revisions"}],"predecessor-version":[{"id":4047,"href":"https:\/\/www.jeunesse.romorantin.net\/index.php?rest_route=\/wp\/v2\/pages\/164\/revisions\/4047"}],"up":[{"embeddable":true,"href":"https:\/\/www.jeunesse.romorantin.net\/index.php?rest_route=\/wp\/v2\/pages\/153"}],"wp:attachment":[{"href":"https:\/\/www.jeunesse.romorantin.net\/index.php?rest_route=%2Fwp%2Fv2%2Fmedia&parent=164"}],"curies":[{"name":"wp","href":"https:\/\/api.w.org\/{rel}","templated":true}]}}