{"id":160,"date":"2014-04-14T09:07:48","date_gmt":"2014-04-14T08:07:48","guid":{"rendered":"http:\/\/www.jeunesse.romorantin.net\/?page_id=160"},"modified":"2023-03-31T15:27:35","modified_gmt":"2023-03-31T13:27:35","slug":"agora-st-marc","status":"publish","type":"page","link":"https:\/\/www.jeunesse.romorantin.net\/?page_id=160","title":{"rendered":"L&rsquo;Agora \/ St Marc"},"content":{"rendered":"<hr \/>\n<p><a href=\"http:\/\/www.jeunesse.romorantin.net\/?page_id=741\"><img loading=\"lazy\" decoding=\"async\" class=\"alignnone size-full wp-image-791\" src=\"http:\/\/www.jeunesse.romorantin.net\/wp-content\/uploads\/2014\/05\/contacts1.png\" alt=\"contacts\" width=\"85\" height=\"25\" \/><\/a><a href=\"http:\/\/www.jeunesse.romorantin.net\/wp-content\/uploads\/2014\/04\/banagora1.png\"><img loading=\"lazy\" decoding=\"async\" class=\"aligncenter wp-image-884 size-full\" src=\"http:\/\/www.jeunesse.romorantin.net\/wp-content\/uploads\/2014\/04\/banagora1.png\" alt=\"banagora\" width=\"630\" height=\"210\" srcset=\"https:\/\/www.jeunesse.romorantin.net\/wp-content\/uploads\/2014\/04\/banagora1.png 630w, https:\/\/www.jeunesse.romorantin.net\/wp-content\/uploads\/2014\/04\/banagora1-300x100.png 300w\" sizes=\"auto, (max-width: 630px) 100vw, 630px\" \/><\/a><\/p>\n<p style=\"text-align: center;\">Install\u00e9s dans la salle municipale de l\u2019Agora,\u00a0 les animateurs accueillent les jeunes tout au long de la semaine. Pauline, Anthony et Olivier leur proposent diff\u00e9rentes activit\u00e9s, sorties, ateliers sportifs ou culturels.<\/p>\n<p style=\"text-align: center;\">C\u2019est un lieu de rencontres et d\u2019\u00e9changes o\u00f9 peuvent \u00e9merger les envies et les besoins des jeunes. Ainsi, le r\u00f4le des animateurs est \u00e9galement d\u2019accompagner les jeunes et de les diriger si besoin vers les institutions comp\u00e9tentes, ils sont des relais.<\/p>\n<p style=\"text-align: center;\">L&rsquo;Agora accueille \u00e9galement les enfants\u00a0 le mercredi et apr\u00e8s l\u2019\u00e9cole en semaine.<\/p>\n<p style=\"text-align: center;\"><em><u>Sur place<\/u>\u00a0:<\/em><\/p>\n<p style=\"text-align: center;\"><em>baby foot, billard, tennis de table, jeux de soci\u00e9t\u00e9, salle d\u2019activit\u00e9, etc\u2026<\/em><\/p>\n<table class=\"alignleft\" style=\"height: 595px; width: 368px; border-color: #000000;\" border=\"1\" cellspacing=\"0\" cellpadding=\"0\">\n<thead>\n<tr style=\"height: 71px;\">\n<td style=\"width: 164.031px; background-color: #ff9900; border-color: #c0c0c0; vertical-align: middle; text-align: center; height: 71px;\" valign=\"top\"><span style=\"color: #000000;\"><b>Jours d\u2019ouverture<\/b><\/span><\/td>\n<td style=\"width: 168.969px; background-color: #ff9900; border-color: #c0c0c0; vertical-align: middle; text-align: center; height: 71px;\" valign=\"top\"><span style=\"color: #000000;\"><b>Horaires<\/b><\/span><\/td>\n<\/tr>\n<\/thead>\n<tbody>\n<tr style=\"height: 59px;\">\n<td style=\"width: 164.031px; background-color: #ff9900; border-color: #c0c0c0; vertical-align: middle; text-align: center; height: 59px;\" valign=\"top\"><span style=\"color: #000000;\"><b>Lundi<\/b><\/span><\/td>\n<td style=\"width: 168.969px; background-color: #ffffff; border-color: #c0c0c0; vertical-align: middle; text-align: center; height: 59px;\" valign=\"top\"><span style=\"color: #000000;\"><strong>16h30-18h00<\/strong><br \/>\n<em>Accueil\u00a0 Agora<\/em>\u00a0<\/span><\/td>\n<\/tr>\n<tr style=\"height: 59px;\">\n<td style=\"width: 164.031px; background-color: #ff9900; border-color: #c0c0c0; vertical-align: middle; text-align: center; height: 59px;\" valign=\"top\"><span style=\"color: #000000;\"><b>Mardi<\/b><\/span><\/td>\n<td style=\"width: 168.969px; background-color: #ffffff; border-color: #c0c0c0; vertical-align: middle; text-align: center; height: 59px;\" valign=\"top\"><span style=\"color: #000000;\">\u00a0<strong>18h00-20h00<\/strong><\/span><br \/>\n<span style=\"color: #000000;\"><em>Accueil Agora<\/em><\/span><\/td>\n<\/tr>\n<tr style=\"height: 118px;\">\n<td style=\"width: 164.031px; background-color: #ff9900; border-color: #c0c0c0; vertical-align: middle; text-align: center; height: 118px;\" valign=\"top\"><span style=\"color: #000000;\"><b>Mercredi<\/b><\/span><\/td>\n<td style=\"width: 168.969px; background-color: #ffffff; border-color: #c0c0c0; vertical-align: middle; text-align: center; height: 118px;\" valign=\"top\"><span style=\"color: #000000;\"><strong>10h00-12h00<\/strong><\/span><\/p>\n<p><span style=\"color: #000000;\"><strong>13h30-18h00<\/strong><\/span><\/p>\n<p><span style=\"color: #000000;\"><em>Activit\u00e9s sportives, culturelles et sorties<\/em><\/span><\/p>\n<p><span style=\"color: #000000;\"><em>Ateliers cr\u00e9atifs<\/em><\/span><\/td>\n<\/tr>\n<tr style=\"height: 59px;\">\n<td style=\"width: 164.031px; background-color: #ff9900; border-color: #c0c0c0; vertical-align: middle; text-align: center; height: 59px;\" valign=\"top\"><span style=\"color: #000000;\"><b>Jeudi<\/b><\/span><\/td>\n<td style=\"width: 168.969px; background-color: #ffffff; border-color: #c0c0c0; vertical-align: middle; text-align: center; height: 59px;\" valign=\"top\"><span style=\"color: #000000;\">\u00a0<strong>16h30-18h00<\/strong><br \/>\n<em>Accueil\u00a0 Agora<\/em><\/span><\/td>\n<\/tr>\n<tr style=\"height: 59px;\">\n<td style=\"width: 164.031px; background-color: #ff9900; border-color: #c0c0c0; vertical-align: middle; text-align: center; height: 59px;\" valign=\"top\"><span style=\"color: #000000;\"><b>Vendredi<\/b><\/span><\/td>\n<td style=\"width: 168.969px; background-color: #ffffff; border-color: #c0c0c0; vertical-align: middle; text-align: center; height: 59px;\" valign=\"top\"><span style=\"color: #000000;\">\u00a0<strong>16h30-18h00<\/strong><\/span><br \/>\n<span style=\"color: #000000;\"><em>Accueil\u00a0 Agora<\/em><\/span><\/td>\n<\/tr>\n<\/tbody>\n<\/table>\n<p>&nbsp;<\/p>\n<p>&nbsp;<\/p>\n<p>&nbsp;<\/p>\n<p>&nbsp;<\/p>\n<p>&nbsp;<\/p>\n<p>&nbsp;<\/p>\n<p>&nbsp;<\/p>\n<p>&nbsp;<\/p>\n<p>&nbsp;<\/p>\n<p>&nbsp;<\/p>\n<p>&nbsp;<\/p>\n<p>&nbsp;<\/p>\n<p>&nbsp;<\/p>\n<p>&nbsp;<\/p>\n<p>&nbsp;<\/p>\n<p>Durant les vacances, en raison de certaines animations, les horaires peuvent \u00eatre modifi\u00e9s. Ils sont alors indiqu\u00e9s sur place.<\/p>\n<p><strong><span style=\"text-decoration: underline;\">Les modalit\u00e9s d\u2019inscriptions<\/span>\u00a0:<\/strong><\/p>\n<ul>\n<li>Autorisation parentale<\/li>\n<li>Fiche sanitaire<\/li>\n<li>Autorisation de prise de photo<\/li>\n<li>Attestation de responsabilit\u00e9 civile<\/li>\n<li>Adh\u00e9sion d&rsquo;1 euro<\/li>\n<\/ul>\n<p>&nbsp;<\/p>\n","protected":false},"excerpt":{"rendered":"<p>Install\u00e9s dans la salle municipale de l\u2019Agora,\u00a0 les animateurs accueillent les jeunes tout au long de la semaine. Pauline, Anthony et Olivier leur proposent diff\u00e9rentes &hellip;<\/p>\n","protected":false},"author":2,"featured_media":0,"parent":14,"menu_order":0,"comment_status":"closed","ping_status":"open","template":"","meta":{"footnotes":"","_links_to":"","_links_to_target":""},"class_list":["post-160","page","type-page","status-publish","hentry"],"_links":{"self":[{"href":"https:\/\/www.jeunesse.romorantin.net\/index.php?rest_route=\/wp\/v2\/pages\/160","targetHints":{"allow":["GET"]}}],"collection":[{"href":"https:\/\/www.jeunesse.romorantin.net\/index.php?rest_route=\/wp\/v2\/pages"}],"about":[{"href":"https:\/\/www.jeunesse.romorantin.net\/index.php?rest_route=\/wp\/v2\/types\/page"}],"author":[{"embeddable":true,"href":"https:\/\/www.jeunesse.romorantin.net\/index.php?rest_route=\/wp\/v2\/users\/2"}],"replies":[{"embeddable":true,"href":"https:\/\/www.jeunesse.romorantin.net\/index.php?rest_route=%2Fwp%2Fv2%2Fcomments&post=160"}],"version-history":[{"count":72,"href":"https:\/\/www.jeunesse.romorantin.net\/index.php?rest_route=\/wp\/v2\/pages\/160\/revisions"}],"predecessor-version":[{"id":4209,"href":"https:\/\/www.jeunesse.romorantin.net\/index.php?rest_route=\/wp\/v2\/pages\/160\/revisions\/4209"}],"up":[{"embeddable":true,"href":"https:\/\/www.jeunesse.romorantin.net\/index.php?rest_route=\/wp\/v2\/pages\/14"}],"wp:attachment":[{"href":"https:\/\/www.jeunesse.romorantin.net\/index.php?rest_route=%2Fwp%2Fv2%2Fmedia&parent=160"}],"curies":[{"name":"wp","href":"https:\/\/api.w.org\/{rel}","templated":true}]}}