{"id":156,"date":"2023-03-30T16:50:07","date_gmt":"2023-03-30T14:50:07","guid":{"rendered":"http:\/\/www.jeunesse.romorantin.net\/?page_id=156"},"modified":"2023-04-12T14:32:49","modified_gmt":"2023-04-12T12:32:49","slug":"pij-espace-public-numerique","status":"publish","type":"page","link":"https:\/\/www.jeunesse.romorantin.net\/?page_id=156","title":{"rendered":"Le Point Information Jeunesse (PIJ)"},"content":{"rendered":"<hr \/>\n<p><a href=\"http:\/\/www.jeunesse.romorantin.net\/?page_id=741\"><img loading=\"lazy\" decoding=\"async\" class=\"alignnone size-full wp-image-791\" src=\"http:\/\/www.jeunesse.romorantin.net\/wp-content\/uploads\/2014\/05\/contacts1.png\" alt=\"contacts\" width=\"85\" height=\"25\" \/><\/a><\/p>\n<p style=\"text-align: center;\">\u00a0 \u00a0 \u00a0 \u00a0 \u00a0 \u00a0 \u00a0 \u00a0 \u00a0 \u00a0\u00a0<img loading=\"lazy\" decoding=\"async\" class=\"wp-image-4128 alignnone\" src=\"http:\/\/www.jeunesse.romorantin.net\/wp-content\/uploads\/2023\/03\/IMG_8831.jpg\" alt=\"\" width=\"457\" height=\"239\" srcset=\"https:\/\/www.jeunesse.romorantin.net\/wp-content\/uploads\/2023\/03\/IMG_8831.jpg 4030w, https:\/\/www.jeunesse.romorantin.net\/wp-content\/uploads\/2023\/03\/IMG_8831-300x157.jpg 300w, https:\/\/www.jeunesse.romorantin.net\/wp-content\/uploads\/2023\/03\/IMG_8831-768x402.jpg 768w, https:\/\/www.jeunesse.romorantin.net\/wp-content\/uploads\/2023\/03\/IMG_8831-1024x536.jpg 1024w\" sizes=\"auto, (max-width: 457px) 100vw, 457px\" \/>\u00a0<img loading=\"lazy\" decoding=\"async\" class=\"wp-image-4129 alignnone\" src=\"http:\/\/www.jeunesse.romorantin.net\/wp-content\/uploads\/2014\/04\/IMG_8832.jpg\" alt=\"\" width=\"388\" height=\"239\" srcset=\"https:\/\/www.jeunesse.romorantin.net\/wp-content\/uploads\/2014\/04\/IMG_8832.jpg 4030w, https:\/\/www.jeunesse.romorantin.net\/wp-content\/uploads\/2014\/04\/IMG_8832-300x185.jpg 300w, https:\/\/www.jeunesse.romorantin.net\/wp-content\/uploads\/2014\/04\/IMG_8832-768x473.jpg 768w, https:\/\/www.jeunesse.romorantin.net\/wp-content\/uploads\/2014\/04\/IMG_8832-1024x631.jpg 1024w\" sizes=\"auto, (max-width: 388px) 100vw, 388px\" \/><\/p>\n<h3><\/h3>\n<p><span style=\"text-decoration: underline;\"><strong>Son r\u00f4le :<\/strong><\/span><\/p>\n<p style=\"text-align: justify;\">Au sein du r\u00e9seau Information Jeunesse, le PIJ (Point Information Jeunesse)\u00a0accueille et informe les jeunes \u00e0 l&rsquo;\u00e9chelon local. Le PIJ de Romorantin-Lanthenay d\u00e9tient le Label IJ, marque de qualit\u00e9 accord\u00e9e par l&rsquo;Etat\u00a0au terme d&rsquo;une \u00e9valuation globale et objective.<\/p>\n<p><img decoding=\"async\" class=\"aligncenter\" src=\"https:\/\/www.cidj.com\/sites\/default\/files\/inline-images\/IJ-label-information-jeunesse.jpg\" alt=\"Information Jeunesse\" \/><\/p>\n<p style=\"text-align: justify;\">Il r\u00e9pond aux Chartes Nationale et Europ\u00e9enne de l\u2019Information Jeunesse qui \u00e9noncent les r\u00e8gles d\u00e9ontologiques suivantes :<\/p>\n<ul>\n<li style=\"text-align: justify;\">L\u2019information est accessible de mani\u00e8re \u00e9gale \u00e0 tous les jeunes, au plus pr\u00e8s de leurs conditions de vie<\/li>\n<li style=\"text-align: justify;\">L\u2019information r\u00e9pond en priorit\u00e9 aux besoins et aux demandes directes des jeunes qui sont accueillis dans un souci de disponibilit\u00e9 et de respect de leur identit\u00e9<\/li>\n<li style=\"text-align: justify;\">L\u2019information des jeunes traite de tous les sujets qui les int\u00e9ressent ou les concernent dans leur vie quotidienne et l\u2019exercice de leurs droits, notamment : enseignement, formation professionnelle et permanente, emploi, vie pratique, transports, sant\u00e9, culture, sports, loisirs, vacances<\/li>\n<li style=\"text-align: justify;\">L\u2019information est compl\u00e8te, impartiale, exacte, pratique et actualis\u00e9e<\/li>\n<li style=\"text-align: justify;\">L\u2019information utilise les technologies de l\u2019information et de la communication, notamment afin de promouvoir l\u2019acc\u00e8s des jeunes \u00e0 de nouvelles formes d\u2019expression culturelle et citoyenne<\/li>\n<li style=\"text-align: justify;\">L\u2019accueil est gratuit, personnalis\u00e9 et modul\u00e9 selon la demande, de la mise \u00e0 disposition d\u2019auto documentation \u00e0 l\u2019entretien plus adapt\u00e9 \u00e0 une relation de conseil, d\u2019aide \u00e0 la d\u00e9marche et \u00e0 une approche globale des projets ou du parcours individuel du jeune<\/li>\n<li style=\"text-align: justify;\">L\u2019information respecte le secret professionnel et l\u2019anonymat du jeune<\/li>\n<li style=\"text-align: justify;\">L\u2019accueil et l\u2019information sont assur\u00e9s par des professionnels qualifi\u00e9s<\/li>\n<\/ul>\n<h3 style=\"text-align: center;\"><span style=\"color: #ff0000;\">La Charte Information Jeunesse est disponible :<strong>\u00a0<span style=\"text-decoration: underline; color: #ff0000;\"><a style=\"color: #ff0000; text-decoration: underline;\" href=\"http:\/\/www.jeunesse.romorantin.net\/wp-content\/uploads\/2023\/03\/charte-IJ.pdf\" target=\"_blank\" rel=\"noopener noreferrer\">ICI<\/a><\/span><\/strong><\/span><\/h3>\n<p>&nbsp;<\/p>\n<p><span style=\"text-decoration: underline;\"><strong>Le PIJ propose<\/strong>\u00a0:<\/span><\/p>\n<ul>\n<li style=\"text-align: justify;\"><strong>Une ressource de pr\u00e8s de 350 dossiers th\u00e9matiques<\/strong> <strong>qui proposent un concept unique en son genre pour informer et orienter. Ils regroupent toutes les informations n\u00e9cessaires pour construire un projet d&rsquo;orientation tout au long de la vie et s&rsquo;ins\u00e9rer professionnellement et socialement<\/strong>.\u00a0Chaque dossier est compos\u00e9 d&rsquo;un r\u00e9dactionnel et d&rsquo;un carnet d&rsquo;adresses.\u00a0Pour une plus grande efficacit\u00e9 p\u00e9dagogique, la plupart des m\u00e9tiers sont regroup\u00e9s par secteur d&rsquo;activit\u00e9.\u00a0Cette organisation favorise une d\u00e9couverte pragmatique des m\u00e9tiers, des plus connus aux plus rares, des moins qualifi\u00e9s aux plus qualifi\u00e9s.\u00a0La formation initiale est syst\u00e9matiquement trait\u00e9e mais aussi la formation continue.\u00a0Chaque dossier m\u00e9tiers suit le m\u00eame plan, ce qui permet aux professionnels de trouver rapidement l\u2019information recherch\u00e9e et aux lecteurs d\u2019\u00eatre guid\u00e9s.\u00a0De m\u00eame, chaque carnet d\u2019adresses est construit de fa\u00e7on identique avec une liste de lieux ressources et de sites de r\u00e9f\u00e9rence puis les adresses des \u00e9tablissements de formation class\u00e9es par niveau et type de formation.\u00a0Par ailleurs, la maquette simple et structur\u00e9e en courts paragraphes facilite la lecture. Un index de 4 000 mots-cl\u00e9s permet de trouver facilement l&rsquo;information recherch\u00e9e.<img decoding=\"async\" class=\"aligncenter\" src=\"http:\/\/www.jeunesse.romorantin.net\/wp-content\/uploads\/2014\/04\/secteurs-1.png\" alt=\"secteurs\" \/><\/li>\n<li style=\"text-align: justify;\"><strong>Une ressource importante d&rsquo;informations sur les actions locales, <\/strong>qu&rsquo;elles soient en rapport avec la formation, l&#8217;emploi, la sant\u00e9, la culture &#8230;<\/li>\n<\/ul>\n<p>&nbsp;<\/p>\n<ul>\n<li style=\"text-align: justify;\">L&rsquo;acc\u00e8s libre et sur place \u00e0 des diffusions de presse ou magazines<\/li>\n<\/ul>\n<p><img loading=\"lazy\" decoding=\"async\" class=\"\" src=\"https:\/\/upload.wikimedia.org\/wikipedia\/fr\/a\/ad\/Logo_de_La_Nouvelle_R%C3%A9publique_du_Centre-Ouest_%282008_%C3%A0_aujourd%E2%80%99hui%29.png\" width=\"371\" height=\"120\" \/>\u00a0 \u00a0 \u00a0 \u00a0 \u00a0\u00a0<img loading=\"lazy\" decoding=\"async\" class=\"\" src=\"https:\/\/static1.ozap.com\/articles\/5\/45\/67\/55\/@\/4465402--le-nouvel-obs-change-de-nom-et-de-article_media_image-1.jpg\" alt=\"Le Nouvel Observateur&quot; devient &quot;L'Obs&quot; - Puremedias\" width=\"184\" height=\"120\" \/>\u00a0 \u00a0 \u00a0 \u00a0 \u00a0\u00a0<img loading=\"lazy\" decoding=\"async\" class=\"\" src=\"https:\/\/classetice.fr\/v2\/wp-content\/uploads\/2020\/10\/junior.jpg\" alt=\"ClasseTICE 1dLe num\u00e9rique au service des apprentissagesGeek Junior, un magazine d'\u00e9ducation au num\u00e9rique pour les ados\" width=\"120\" height=\"120\" \/>\u00a0 \u00a0 \u00a0 \u00a0 \u00a0\u00a0<img loading=\"lazy\" decoding=\"async\" class=\"\" src=\"https:\/\/yt3.googleusercontent.com\/ytc\/AL5GRJXu6XSCKhB8ssLbJSuAounr1AJpXIYS5XfpKEMmyQ=s900-c-k-c0x00ffffff-no-rj\" alt=\"GEO Ado - YouTube\" width=\"120\" height=\"120\" \/>\u00a0 \u00a0 \u00a0 \u00a0 \u00a0\u00a0<img loading=\"lazy\" decoding=\"async\" class=\"\" src=\"https:\/\/static.wixstatic.com\/media\/2dc286_8fd4d22dc02840a4812850544a922f2d~mv2.jpg\/v1\/fit\/w_2500,h_1330,al_c\/2dc286_8fd4d22dc02840a4812850544a922f2d~mv2.jpg\" alt=\"Kezako mundi\" width=\"120\" height=\"120\" \/><\/p>\n<p>&nbsp;<\/p>\n<ul>\n<li style=\"text-align: justify;\">L&rsquo;accompagnement \u00e0 la r\u00e9daction de CV et lettres de motivation<\/li>\n<li>L&rsquo;accompagnement \u00e0 la ma\u00eetrise de base des outils Internet et bureautiques<\/li>\n<li>Des interventions ext\u00e9rieures dans les milieux scolaires et associatifs sur des th\u00e9matiques pr\u00e9d\u00e9finies<\/li>\n<\/ul>\n<p><span style=\"text-decoration: underline;\"><strong>Les partenaires du PIJ<\/strong>\u00a0:<\/span><\/p>\n<ul>\n<li>Permanences des bureaux d\u2019informations des arm\u00e9es (Air, Terre et Marine) &#8211; Renseignements sur place<\/li>\n<li>Permanences du conseiller num\u00e9rique du Centre de Ressources Illettrisme et Analphab\u00e9tisme (<span style=\"text-decoration: underline; color: #ff0000;\"><a style=\"color: #ff0000; text-decoration: underline;\" href=\"http:\/\/www.cria41.org\/\" target=\"_blank\" rel=\"noopener noreferrer\">CRIA41<\/a><\/span>) &#8211; Renseignements sur place<\/li>\n<li>Permanences (sur RDV) des Consultations Jeunes Consommateurs (<span style=\"text-decoration: underline;\"><span style=\"color: #ff0000;\"><a style=\"color: #ff0000; text-decoration: underline;\" href=\"https:\/\/www.drogues-info-service.fr\/Tout-savoir-sur-les-drogues\/Se-faire-aider\/Les-Consultations-jeunes-consommateurs-CJC-une-aide-aux-jeunes-et-a-leur-entourage\" target=\"_blank\" rel=\"noopener noreferrer\">CJC<\/a><\/span><\/span>)<\/li>\n<li>Partenaire du <span style=\"text-decoration: underline;\"><span style=\"color: #ff0000;\"><a style=\"color: #ff0000; text-decoration: underline;\" href=\"https:\/\/www.teli.asso.fr\/\" target=\"_blank\" rel=\"noopener noreferrer\">CLUB TELI<\/a><\/span><\/span> pour tous stages, jobs d&rsquo;\u00e9t\u00e9, expatriation, au pair, b\u00e9n\u00e9volat \u00e0 l&rsquo;\u00e9tranger<\/li>\n<li>Partenaire de <span style=\"text-decoration: underline;\"><span style=\"color: #ff0000;\"><a style=\"color: #ff0000; text-decoration: underline;\" href=\"https:\/\/www.yeps.fr\/\" target=\"_blank\" rel=\"noopener noreferrer\">YEP&rsquo;S<\/a><\/span><\/span>, aides et bons plans pour les 15-25 ans par la R\u00e9gion Centre Val de Loire<\/li>\n<\/ul>\n<p>&nbsp;<\/p>\n","protected":false},"excerpt":{"rendered":"<p>\u00a0 \u00a0 \u00a0 \u00a0 \u00a0 \u00a0 \u00a0 \u00a0 \u00a0 \u00a0\u00a0\u00a0 Son r\u00f4le : Au sein du r\u00e9seau Information Jeunesse, le PIJ (Point Information Jeunesse)\u00a0accueille et &hellip;<\/p>\n","protected":false},"author":2,"featured_media":0,"parent":14,"menu_order":0,"comment_status":"closed","ping_status":"open","template":"","meta":{"footnotes":"","_links_to":"","_links_to_target":""},"class_list":["post-156","page","type-page","status-publish","hentry"],"_links":{"self":[{"href":"https:\/\/www.jeunesse.romorantin.net\/index.php?rest_route=\/wp\/v2\/pages\/156","targetHints":{"allow":["GET"]}}],"collection":[{"href":"https:\/\/www.jeunesse.romorantin.net\/index.php?rest_route=\/wp\/v2\/pages"}],"about":[{"href":"https:\/\/www.jeunesse.romorantin.net\/index.php?rest_route=\/wp\/v2\/types\/page"}],"author":[{"embeddable":true,"href":"https:\/\/www.jeunesse.romorantin.net\/index.php?rest_route=\/wp\/v2\/users\/2"}],"replies":[{"embeddable":true,"href":"https:\/\/www.jeunesse.romorantin.net\/index.php?rest_route=%2Fwp%2Fv2%2Fcomments&post=156"}],"version-history":[{"count":109,"href":"https:\/\/www.jeunesse.romorantin.net\/index.php?rest_route=\/wp\/v2\/pages\/156\/revisions"}],"predecessor-version":[{"id":4283,"href":"https:\/\/www.jeunesse.romorantin.net\/index.php?rest_route=\/wp\/v2\/pages\/156\/revisions\/4283"}],"up":[{"embeddable":true,"href":"https:\/\/www.jeunesse.romorantin.net\/index.php?rest_route=\/wp\/v2\/pages\/14"}],"wp:attachment":[{"href":"https:\/\/www.jeunesse.romorantin.net\/index.php?rest_route=%2Fwp%2Fv2%2Fmedia&parent=156"}],"curies":[{"name":"wp","href":"https:\/\/api.w.org\/{rel}","templated":true}]}}