{"id":153,"date":"2014-04-14T09:06:40","date_gmt":"2014-04-14T08:06:40","guid":{"rendered":"http:\/\/www.jeunesse.romorantin.net\/?page_id=153"},"modified":"2023-04-28T14:23:46","modified_gmt":"2023-04-28T12:23:46","slug":"service-jeunesse","status":"publish","type":"page","link":"https:\/\/www.jeunesse.romorantin.net\/?page_id=153","title":{"rendered":"Le Service Jeunesse"},"content":{"rendered":"<hr \/>\n<p><a href=\"http:\/\/www.jeunesse.romorantin.net\/?page_id=741\"><img loading=\"lazy\" decoding=\"async\" class=\"alignnone size-full wp-image-791\" src=\"http:\/\/www.jeunesse.romorantin.net\/wp-content\/uploads\/2014\/05\/contacts1.png\" alt=\"contacts\" width=\"85\" height=\"25\" \/><\/a><\/p>\n<p>Situ\u00e9 dans la structure \u00ab<em>l\u2019Atelier<\/em>\u00bb avec la Mission Locale et la Maison de l\u2019emploi,<\/p>\n<p><em><strong>Le Service Jeunesse b\u00e9n\u00e9ficie des contrats et dispositifs suivants :<\/strong><\/em><\/p>\n<ul>\n<li>Convention Territoriale Globale (Projet de territoire de la <a href=\"https:\/\/www.caf.fr\/partenaires\/convention-territoriale-globale\" target=\"_blank\" rel=\"noopener noreferrer\">Caisse d&rsquo;Allocations Familiales<\/a>)<\/li>\n<li>Contrat \u00ab\u00a0Politique de la Ville &#8211; Quartier prioritaire des Favignolles\u00a0\u00bb<\/li>\n<li>Centre National pour le D\u00e9veloppement du Sport (CNDS)<\/li>\n<\/ul>\n<p><em><strong>Le Service Jeunesse apporte sa contribution partenariale aux contrats suivants :<\/strong><\/em><\/p>\n<ul>\n<li>Contrat \u00ab\u00a0Politique de la Ville &#8211; Quartier prioritaire des Favignolles\u00a0\u00bb<\/li>\n<li>Programme de R\u00e9ussite Educative (PRE)<\/li>\n<li>Contrat Local de Sant\u00e9 (CLS)<\/li>\n<li>Conseil Local de S\u00e9curit\u00e9 et de Pr\u00e9vention de la D\u00e9linquance (CLSPD)<\/li>\n<\/ul>\n<p><em><strong>Population de jeunes scolaris\u00e9s :<\/strong><\/em><\/p>\n<ul>\n<li>Ecoles maternelles : 509<\/li>\n<li>Ecoles \u00e9l\u00e9mentaires : 1142<\/li>\n<li>Coll\u00e8ge L\u00e9onard de Vinci\u00a0: 388<\/li>\n<li>Coll\u00e8ge Maurice Genevoix\u00a0:\u00a0865<\/li>\n<li>Coll\u00e8ge Notre-Dame : 254<\/li>\n<li>Lyc\u00e9e Claude de France\u00a0: 1290<\/li>\n<li>Lyc\u00e9e d\u2019Enseignement Professionnel Denis Papin\u00a0: 390<\/li>\n<\/ul>\n<p>&nbsp;<\/p>\n<p><img loading=\"lazy\" decoding=\"async\" class=\"alignnone wp-image-774\" src=\"http:\/\/www.jeunesse.romorantin.net\/wp-content\/uploads\/2014\/05\/Sans-titre-1.png\" alt=\"Sans titre-1\" width=\"25\" height=\"25\" \/>\u00a0<a title=\"Son r\u00f4le \/ Objectifs \/ R\u00e9glementation\" href=\"http:\/\/www.jeunesse.romorantin.net\/?page_id=164\">Son r\u00f4le \/ Objectif<\/a><\/p>\n<p><a title=\"Inscriptions\" href=\"http:\/\/www.jeunesse.romorantin.net\/?page_id=166\"><img loading=\"lazy\" decoding=\"async\" class=\"alignnone size-full wp-image-774\" src=\"http:\/\/www.jeunesse.romorantin.net\/wp-content\/uploads\/2014\/05\/Sans-titre-1.png\" alt=\"Sans titre-1\" width=\"25\" height=\"25\" \/>\u00a0Inscriptions<\/a><\/p>\n<p style=\"text-align: left;\">\n","protected":false},"excerpt":{"rendered":"<p>Situ\u00e9 dans la structure \u00abl\u2019Atelier\u00bb avec la Mission Locale et la Maison de l\u2019emploi, Le Service Jeunesse b\u00e9n\u00e9ficie des contrats et dispositifs suivants : Convention &hellip;<\/p>\n","protected":false},"author":2,"featured_media":0,"parent":14,"menu_order":0,"comment_status":"closed","ping_status":"open","template":"","meta":{"footnotes":"","_links_to":"","_links_to_target":""},"class_list":["post-153","page","type-page","status-publish","hentry"],"_links":{"self":[{"href":"https:\/\/www.jeunesse.romorantin.net\/index.php?rest_route=\/wp\/v2\/pages\/153","targetHints":{"allow":["GET"]}}],"collection":[{"href":"https:\/\/www.jeunesse.romorantin.net\/index.php?rest_route=\/wp\/v2\/pages"}],"about":[{"href":"https:\/\/www.jeunesse.romorantin.net\/index.php?rest_route=\/wp\/v2\/types\/page"}],"author":[{"embeddable":true,"href":"https:\/\/www.jeunesse.romorantin.net\/index.php?rest_route=\/wp\/v2\/users\/2"}],"replies":[{"embeddable":true,"href":"https:\/\/www.jeunesse.romorantin.net\/index.php?rest_route=%2Fwp%2Fv2%2Fcomments&post=153"}],"version-history":[{"count":64,"href":"https:\/\/www.jeunesse.romorantin.net\/index.php?rest_route=\/wp\/v2\/pages\/153\/revisions"}],"predecessor-version":[{"id":4677,"href":"https:\/\/www.jeunesse.romorantin.net\/index.php?rest_route=\/wp\/v2\/pages\/153\/revisions\/4677"}],"up":[{"embeddable":true,"href":"https:\/\/www.jeunesse.romorantin.net\/index.php?rest_route=\/wp\/v2\/pages\/14"}],"wp:attachment":[{"href":"https:\/\/www.jeunesse.romorantin.net\/index.php?rest_route=%2Fwp%2Fv2%2Fmedia&parent=153"}],"curies":[{"name":"wp","href":"https:\/\/api.w.org\/{rel}","templated":true}]}}